{"id":1740,"date":"2020-11-27T09:17:46","date_gmt":"2020-11-27T09:17:46","guid":{"rendered":"https:\/\/www.hoteliris.com\/hoteles-granollers-centro-parking\/"},"modified":"2020-12-29T15:52:38","modified_gmt":"2020-12-29T15:52:38","slug":"hoteles-granollers-centro-parking","status":"publish","type":"page","link":"https:\/\/www.hoteliris.com\/fr\/hoteles-granollers-centro-parking\/","title":{"rendered":"Servicios HOTEL IRIS en el Centro de Granollers"},"content":{"rendered":"<h1 class=\"entry-title tit1 tit2\">HOTEL IRIS Services<\/h1>\n<p class=\"mbi\"><img loading=\"lazy\" class=\"aligncenter wp-image-462\" src=\"https:\/\/www.hoteliris.com\/wp-content\/uploads\/2020\/12\/HOTEL-IRIS-icon-2.png\" alt=\"HOTEL IRIS Granolleres\" width=\"98\" height=\"36\" \/><\/p>\n<p class=\"tit4\"><span class=\"hi\">HOTEL IRIS<\/span>  est fond\u00e9 en 1980 en tant que petite auberge familiale et est devenu <strong>un h\u00f4tel 3 \u00e9toiles moderne<\/strong> dans le centre-ville de Granollers.\n\n<p>Avec un <strong>traitement personnel<\/strong> qui nous distingue et une grande vocation pour notre travail, nous vous proposons des chambres \u00e0 <strong>deux lits, doubles et simples<\/strong>, dans un total de 53 chambres. Dans ces espaces polyvalents, que vous voyagiez pour affaires ou pour le plaisir, en famille, en couple ou individuellement, vous trouverez toujours le confort dont vous avez besoin.<\/p>\n\n<div class=\"boximg2\">\n<div class=\"boximg2b\"><img loading=\"lazy\" class=\"aligncenter wp-image-1545\" src=\"https:\/\/www.hoteliris.com\/wp-content\/uploads\/2020\/12\/Hotel-IRIS-Barcelona-Granollers-Desayuno-Buffet.jpg\" alt=\"Hotel IRIS Barcelona Granollers Desayuno Buffet\" width=\"649\" height=\"430\" srcset=\"https:\/\/www.hoteliris.com\/wp-content\/uploads\/2020\/12\/Hotel-IRIS-Barcelona-Granollers-Desayuno-Buffet.jpg 808w, https:\/\/www.hoteliris.com\/wp-content\/uploads\/2020\/12\/Hotel-IRIS-Barcelona-Granollers-Desayuno-Buffet-300x199.jpg 300w, https:\/\/www.hoteliris.com\/wp-content\/uploads\/2020\/12\/Hotel-IRIS-Barcelona-Granollers-Desayuno-Buffet-768x509.jpg 768w\" sizes=\"(max-width: 649px) 100vw, 649px\" \/><\/div>\n<div class=\"box13c bkg4\">\n<p><img loading=\"lazy\" class=\"aligncenter wp-image-1351\" src=\"https:\/\/www.hoteliris.com\/wp-content\/uploads\/2020\/12\/Hotel-IRIS-Desayuno-Buffet-2.png\" alt=\"Hotel IRIS Desayuno Buffet\" width=\"84\" height=\"70\" \/><\/p>\n<p class=\"tit11\">Petit-d\u00e9jeuner buffet<\/p>\n<p>Commencez la journ\u00e9e par un buffet gratuit, large et vari\u00e9, compos\u00e9 de produits frais, de p\u00e2tisseries fra\u00eeches, de saucisses locales&#8230; notre \u00ab\u00a0Pa amb tom\u00e0quet\u00a0\u00bb, et de caf\u00e9 fra\u00eechement pr\u00e9par\u00e9.<\/p>\n<\/div>\n<\/div>\n<div class=\"boximg1\">\n<div class=\"boximg1b\"><img loading=\"lazy\" class=\"wp-image-1398 alignnone\" src=\"https:\/\/www.hoteliris.com\/wp-content\/uploads\/2020\/12\/HOTEL-IRIS-Granollers-parking-subterraneo.jpg\" alt=\"HOTEL IRIS Granollers parking subterraneo\" width=\"650\" height=\"430\" srcset=\"https:\/\/www.hoteliris.com\/wp-content\/uploads\/2020\/12\/HOTEL-IRIS-Granollers-parking-subterraneo.jpg 1000w, https:\/\/www.hoteliris.com\/wp-content\/uploads\/2020\/12\/HOTEL-IRIS-Granollers-parking-subterraneo-300x199.jpg 300w, https:\/\/www.hoteliris.com\/wp-content\/uploads\/2020\/12\/HOTEL-IRIS-Granollers-parking-subterraneo-768x508.jpg 768w\" sizes=\"(max-width: 650px) 100vw, 650px\" \/><\/div>\n<div class=\"box13b bkg5\">\n<p><img loading=\"lazy\" class=\"aligncenter wp-image-1352\" src=\"https:\/\/www.hoteliris.com\/wp-content\/uploads\/2020\/12\/Hotel-IRIS-Parking-2.png\" alt=\"Hotel IRIS Parking\" width=\"62\" height=\"70\" \/><\/p>\n<p class=\"tit11\">Stationnement \u00e0 l&rsquo;h\u00f4tel<\/p>\n<p>plus besoin de se pr\u00e9occuper de la recherche d&rsquo;un parking. Garez-vous dans notre h\u00f4tel en toute tranquillit\u00e9 d&rsquo;esprit. Parking souterrain, \u00e0 l&rsquo;usage exclusif des clients, avec surveillance 24h\/24.<\/p>\n<\/div>\n<\/div>\n\n<div class=\"boximg\"><img loading=\"lazy\" class=\"aligncenter wp-image-1545\" src=\"https:\/\/www.hoteliris.com\/wp-content\/uploads\/2020\/12\/Hotel-IRIS-Barcelona-Granollers-Desayuno-Buffet.jpg\" alt=\"Hotel IRIS Barcelona Granollers Desayuno Buffet\" width=\"100%\" height=\"430\" srcset=\"https:\/\/www.hoteliris.com\/wp-content\/uploads\/2020\/12\/Hotel-IRIS-Barcelona-Granollers-Desayuno-Buffet.jpg 808w, https:\/\/www.hoteliris.com\/wp-content\/uploads\/2020\/12\/Hotel-IRIS-Barcelona-Granollers-Desayuno-Buffet-300x199.jpg 300w, https:\/\/www.hoteliris.com\/wp-content\/uploads\/2020\/12\/Hotel-IRIS-Barcelona-Granollers-Desayuno-Buffet-768x509.jpg 768w\" sizes=\"(max-width: 808px) 100vw, 808px\" \/><\/div>\n<div class=\"box7 bkg4\">\n<p><img loading=\"lazy\" class=\"aligncenter wp-image-1351\" src=\"https:\/\/www.hoteliris.com\/wp-content\/uploads\/2020\/12\/Hotel-IRIS-Desayuno-Buffet-2.png\" alt=\"Hotel IRIS Desayuno Buffet\" width=\"84\" height=\"70\" \/><\/p>\n<p class=\"tit11\">Petit-d\u00e9jeuner buffet<\/p>\n<p>Commencez la journ\u00e9e par un buffet gratuit, large et vari\u00e9, compos\u00e9 de produits frais, de p\u00e2tisseries fra\u00eeches, de saucisses locales&#8230; notre \u00ab\u00a0Pa amb tom\u00e0quet\u00a0\u00bb, et de caf\u00e9 fra\u00eechement pr\u00e9par\u00e9.<\/p>\n<\/div>\n<div class=\"boximg\"><img loading=\"lazy\" class=\"wp-image-1398 alignnone\" src=\"https:\/\/www.hoteliris.com\/wp-content\/uploads\/2020\/12\/HOTEL-IRIS-Granollers-parking-subterraneo.jpg\" alt=\"HOTEL IRIS Granollers parking subterraneo\" width=\"100%\" height=\"430\" srcset=\"https:\/\/www.hoteliris.com\/wp-content\/uploads\/2020\/12\/HOTEL-IRIS-Granollers-parking-subterraneo.jpg 1000w, https:\/\/www.hoteliris.com\/wp-content\/uploads\/2020\/12\/HOTEL-IRIS-Granollers-parking-subterraneo-300x199.jpg 300w, https:\/\/www.hoteliris.com\/wp-content\/uploads\/2020\/12\/HOTEL-IRIS-Granollers-parking-subterraneo-768x508.jpg 768w\" sizes=\"(max-width: 1000px) 100vw, 1000px\" \/><\/div>\n<div class=\"box9 bkg5\">\n<p><img loading=\"lazy\" class=\"aligncenter wp-image-1352\" src=\"https:\/\/www.hoteliris.com\/wp-content\/uploads\/2020\/12\/Hotel-IRIS-Parking-2.png\" alt=\"Hotel IRIS Parking\" width=\"62\" height=\"70\" \/><\/p>\n<p class=\"tit11\">Stationnement \u00e0 l&rsquo;h\u00f4tel<\/p>\n<p>plus besoin de se pr\u00e9occuper de la recherche d&rsquo;un parking. Garez-vous dans notre h\u00f4tel en toute tranquillit\u00e9 d&rsquo;esprit. Parking souterrain, \u00e0 l&rsquo;usage exclusif des clients, avec surveillance 24h\/24.<\/p>\n<\/div>\n\n\n<div class=\"wp-block-columns\">\n<div class=\"wp-block-column is-vertically-aligned-center\">\n<img loading=\"lazy\" src=\"https:\/\/www.hoteliris.com\/wp-content\/uploads\/2020\/12\/Hotel-IRIS-Granollers-Barcelona-servicios.jpg\" alt=\"Hotel IRIS Granollers Barcelona servicios\" width=\"100%\" height=\"662\" class=\"aligncenter size-full wp-image-1607\" srcset=\"https:\/\/www.hoteliris.com\/wp-content\/uploads\/2020\/12\/Hotel-IRIS-Granollers-Barcelona-servicios.jpg 996w, https:\/\/www.hoteliris.com\/wp-content\/uploads\/2020\/12\/Hotel-IRIS-Granollers-Barcelona-servicios-300x199.jpg 300w, https:\/\/www.hoteliris.com\/wp-content\/uploads\/2020\/12\/Hotel-IRIS-Granollers-Barcelona-servicios-768x510.jpg 768w\" sizes=\"(max-width: 996px) 100vw, 996px\" \/>\n<\/div>\n\n\n\n<div class=\"wp-block-column box11 cl1 is-vertically-aligned-center\">\n<p><img loading=\"lazy\" class=\"aligncenter wp-image-1741\" src=\"https:\/\/www.hoteliris.com\/wp-content\/uploads\/2020\/11\/logo-HOTEL-IRIS-2.png\" alt=\"logo HOTEL IRIS\" width=\"400\" height=\"38\" srcset=\"https:\/\/www.hoteliris.com\/wp-content\/uploads\/2020\/11\/logo-HOTEL-IRIS-2.png 1204w, https:\/\/www.hoteliris.com\/wp-content\/uploads\/2020\/11\/logo-HOTEL-IRIS-2-300x28.png 300w, https:\/\/www.hoteliris.com\/wp-content\/uploads\/2020\/11\/logo-HOTEL-IRIS-2-1024x97.png 1024w, https:\/\/www.hoteliris.com\/wp-content\/uploads\/2020\/11\/logo-HOTEL-IRIS-2-768x73.png 768w\" sizes=\"(max-width: 400px) 100vw, 400px\" \/><\/p>\n<p class=\"tit1 tit4\">Avec tout ce dont vous avez besoin <br \/>pour vous sentir chez vous<\/p>\n<p class=\"mbi2\"><img loading=\"lazy\" class=\"aligncenter wp-image-462\" src=\"https:\/\/www.hoteliris.com\/wp-content\/uploads\/2020\/12\/HOTEL-IRIS-icon-2.png\" alt=\"HOTEL IRIS Barcelona icon\" width=\"98\" height=\"36\" \/><\/p>\n<p class=\"tit1 tit3\"><a class=\"button1\" title=\"Reservar hotel iris Granollers\" href=\"https:\/\/www.faciltef.com\/acinet2\/ShoppingCenter\/Search?gateway=02lMDQYrcSpQBtUpz4gyyVYcIfbuzWJf&#038;lang=FR\" target=\"_blank\" rel=\"noopener noreferrer\">R\u00e9servez Maintenant<\/a><\/p>\n<\/div>\n<\/div>\n\n\n<p>\u00a0<\/p>\n\n<div class=\"wp-block-columns\">\n<div class=\"wp-block-column\">\n<div class=\"rowfr\">\n<div class=\"fr1\"><img loading=\"lazy\" class=\"alignnone wp-image-1353\" src=\"https:\/\/www.hoteliris.com\/wp-content\/uploads\/2020\/12\/Hotel-IRIS-Recepcion-24-horas-2.png\" alt=\"Hotel IRIS Recepci\u00f3n 24 horas\" width=\"62\" height=\"70\" \/><\/div>\n<div class=\"fr2b\">\n<p class=\"tit9 tit9b\">R\u00e9ception 24h.<\/p>\n<\/div>\n<\/div>\n<p>Notre r\u00e9ception est \u00e0 votre disposition 24 heures sur 24.<\/p>\n<\/div>\n\n\n\n<div class=\"wp-block-column\">\n<div class=\"rowfr\">\n<div class=\"fr1\"><img loading=\"lazy\" class=\"alignnone wp-image-1356\" src=\"https:\/\/www.hoteliris.com\/wp-content\/uploads\/2020\/12\/Hotel-IRIS-WIFI-gratuito-2.png\" alt=\"Hotel IRIS WIFI gratuito\" width=\"84\" height=\"70\" \/><\/div>\n<div class=\"fr2b\">\n<p class=\"tit9 tit9b\">WIFI Gratuit<\/p>\n<\/div>\n<\/div>\n<p>Avec une connexion gratuite pour tout l&rsquo;h\u00f4tel et aussi un acc\u00e8s au c\u00e2ble haut d\u00e9bit.<\/p>\n<\/div>\n<\/div>\n\n\n\n<div class=\"wp-block-columns\">\n<div class=\"wp-block-column\">\n<div class=\"rowfr\">\n<div class=\"fr1\"><img loading=\"lazy\" class=\"alignnone wp-image-1350\" src=\"https:\/\/www.hoteliris.com\/wp-content\/uploads\/2020\/12\/Hotel-IRIS-cafeteria-2.png\" alt=\"Hotel IRIS cafeter\u00eda\" width=\"62\" height=\"70\" \/><\/div>\n<div class=\"fr2c\">\n<p class=\"tit9 tit9b\">La Caf\u00e9t\u00e9ria<\/p>\n<\/div>\n<\/div>\n<p>Vous voulez un caf\u00e9, un en-cas, un soda ? La caf\u00e9t\u00e9ria de l&rsquo;h\u00f4tel est un lieu o\u00f9 vous pouvez discuter tranquillement, prendre quelques minutes pour vous reposer ou consulter les nouvelles sur Internet.<\/p>\n<\/div>\n\n\n\n<div class=\"wp-block-column\">\n<div class=\"rowfr\">\n<div class=\"fr1\"><img loading=\"lazy\" class=\"alignnone wp-image-1355\" src=\"https:\/\/www.hoteliris.com\/wp-content\/uploads\/2020\/12\/Hotel-IRIS-servicio-de-lavanderia-2.png\" alt=\"Hotel IRIS servicio de lavander\u00eda\" width=\"62\" height=\"70\" \/><\/div>\n<div class=\"fr2b\">\n<p class=\"tit9 tit9b\">Service de blanchisserie<\/p>\n<\/div>\n<\/div>\n<p>Assurez-vous que vos v\u00eatements sont impeccables gr\u00e2ce \u00e0 notre service de blanchisserie, id\u00e9al pour commencer votre journ\u00e9e de travail sans soucis. Nous le faisons pour vous.<\/p>\n<\/div>\n<\/div>\n\n\n<div class=\"rowfr\">\n<div class=\"boximg\"><img loading=\"lazy\" class=\"aligncenter wp-image-1357\" src=\"https:\/\/www.hoteliris.com\/wp-content\/uploads\/2020\/12\/Hotel-IRIS-Granollers-Sala-de-Reuniones.jpg\" alt=\"Hotel IRIS Granollers Sala de Reuniones\" width=\"750\" height=\"471\" srcset=\"https:\/\/www.hoteliris.com\/wp-content\/uploads\/2020\/12\/Hotel-IRIS-Granollers-Sala-de-Reuniones.jpg 1200w, https:\/\/www.hoteliris.com\/wp-content\/uploads\/2020\/12\/Hotel-IRIS-Granollers-Sala-de-Reuniones-300x189.jpg 300w, https:\/\/www.hoteliris.com\/wp-content\/uploads\/2020\/12\/Hotel-IRIS-Granollers-Sala-de-Reuniones-1024x643.jpg 1024w, https:\/\/www.hoteliris.com\/wp-content\/uploads\/2020\/12\/Hotel-IRIS-Granollers-Sala-de-Reuniones-768x483.jpg 768w\" sizes=\"(max-width: 750px) 100vw, 750px\" \/><\/div>\n<div class=\"box8b\">\n<p><img loading=\"lazy\" class=\"aligncenter wp-image-1354\" src=\"https:\/\/www.hoteliris.com\/wp-content\/uploads\/2020\/12\/Hotel-IRIS-Sala-de-Reuniones.png\" alt=\"Hotel IRIS Sala de Reuniones\" width=\"108\" height=\"70\" \/><\/p>\n<p class=\"tit11\">Salle de conf\u00e9rence<\/p>\n<p>La salle de r\u00e9union id\u00e9ale pour les cours de formation, les expositions ou les petites r\u00e9unions.<\/p>\n<\/div>\n<div class=\"box8c\">\n<ul>\n<li>60m2\u00a0<\/li>\n<li>R\u00e9troprojecteur <\/li>\n<li>Slate<\/li>\n<li>Syst\u00e8me de sonorisation<\/li>\n<li>Wifi et Ethernet haut d\u00e9bit<\/li>\n<\/ul>\n<\/div>\n<\/div>\n<div class=\"box8d\">\n<p class=\"tit1 tit4\">Vous souhaitez offrir un petit-d\u00e9jeuner de bienvenue et une pause caf\u00e9? <br \/>Nous nous en occuperons.<\/p>\n<\/div>\n\n<div class=\"boximg\"><img loading=\"lazy\" class=\"aligncenter wp-image-1357\" src=\"https:\/\/www.hoteliris.com\/wp-content\/uploads\/2020\/12\/Hotel-IRIS-Granollers-Sala-de-Reuniones.jpg\" alt=\"Hotel IRIS Granollers Sala de Reuniones\" width=\"100%\" height=\"450\" srcset=\"https:\/\/www.hoteliris.com\/wp-content\/uploads\/2020\/12\/Hotel-IRIS-Granollers-Sala-de-Reuniones.jpg 1200w, https:\/\/www.hoteliris.com\/wp-content\/uploads\/2020\/12\/Hotel-IRIS-Granollers-Sala-de-Reuniones-300x189.jpg 300w, https:\/\/www.hoteliris.com\/wp-content\/uploads\/2020\/12\/Hotel-IRIS-Granollers-Sala-de-Reuniones-1024x643.jpg 1024w, https:\/\/www.hoteliris.com\/wp-content\/uploads\/2020\/12\/Hotel-IRIS-Granollers-Sala-de-Reuniones-768x483.jpg 768w\" sizes=\"(max-width: 1200px) 100vw, 1200px\" \/><\/div>\n<div class=\"box8\">\n<p><img loading=\"lazy\" class=\"aligncenter wp-image-1354\" src=\"https:\/\/www.hoteliris.com\/wp-content\/uploads\/2020\/12\/Hotel-IRIS-Sala-de-Reuniones.png\" alt=\"Hotel IRIS Sala de Reuniones\" width=\"108\" height=\"70\" \/><\/p>\n<p class=\"tit11\">Salle de conf\u00e9rence<\/p>\n<p>La salle de r\u00e9union id\u00e9ale pour les cours de formation, les expositions ou les petites r\u00e9unions.<\/p>\n<ul class=\"lisc2\">\n<li>60m2\u00a0<\/li>\n<li>R\u00e9troprojecteur <\/li>\n<li>Slate<\/li>\n<li>Syst\u00e8me de sonorisation<\/li>\n<li>Wifi et Ethernet haut d\u00e9bit<\/li>\n<\/ul>\n<\/div>\n<div class=\"box8d\">\n<p class=\"tit1 tit4\">Vous souhaitez offrir un petit-d\u00e9jeuner de bienvenue et une pause caf\u00e9? <br \/>Nous nous en occuperons.<\/p>\n<\/div>\n\n\n<div class=\"wp-block-columns\">\n<div class=\"wp-block-column box11 is-vertically-aligned-center\">\n<p><img loading=\"lazy\" class=\"aligncenter wp-image-1741\" src=\"https:\/\/www.hoteliris.com\/wp-content\/uploads\/2020\/11\/logo-HOTEL-IRIS-2.png\" alt=\"logo HOTEL IRIS\" width=\"400\" height=\"38\" srcset=\"https:\/\/www.hoteliris.com\/wp-content\/uploads\/2020\/11\/logo-HOTEL-IRIS-2.png 1204w, https:\/\/www.hoteliris.com\/wp-content\/uploads\/2020\/11\/logo-HOTEL-IRIS-2-300x28.png 300w, https:\/\/www.hoteliris.com\/wp-content\/uploads\/2020\/11\/logo-HOTEL-IRIS-2-1024x97.png 1024w, https:\/\/www.hoteliris.com\/wp-content\/uploads\/2020\/11\/logo-HOTEL-IRIS-2-768x73.png 768w\" sizes=\"(max-width: 400px) 100vw, 400px\" \/><\/p>\n<p class=\"tit1 tit4\">Votre h\u00f4tel au centre-ville de Granollers, <br \/>tr\u00e8s bien desservi.<\/p>\n<p class=\"mbi\"><img loading=\"lazy\" class=\"aligncenter wp-image-462\" src=\"https:\/\/www.hoteliris.com\/wp-content\/uploads\/2020\/12\/HOTEL-IRIS-icon-2.png\" alt=\"HOTEL IRIS Barcelona icon\" width=\"98\" height=\"36\" \/><\/p>\n<p class=\"tit1 tit3\"><a class=\"button1\" title=\"Reservar hotel iris Granollers\" href=\"https:\/\/www.faciltef.com\/acinet2\/ShoppingCenter\/Search?gateway=02lMDQYrcSpQBtUpz4gyyVYcIfbuzWJf&#038;lang=FR\" target=\"_blank\" rel=\"noopener noreferrer\">R\u00e9servez Maintenant<\/a><\/p>\n<\/div>\n\n\n\n<div class=\"wp-block-column cl1\"><iframe style=\"border: 0;\" tabindex=\"0\" src=\"https:\/\/www.google.com\/maps\/embed?pb=!1m18!1m12!1m3!1d2983.5189598678544!2d2.28804845189987!3d41.60128827914328!2m3!1f0!2f0!3f0!3m2!1i1024!2i768!4f13.1!3m3!1m2!1s0x12a4c7c300cc5e29%3A0xcad679937542c049!2sHotel%20Iris!5e0!3m2!1ses!2ses!4v1604933919838!5m2!1ses!2ses\" width=\"2800\" height=\"600\" frameborder=\"0\" allowfullscreen=\"allowfullscreen\" aria-hidden=\"false\"><\/iframe><\/div>\n<\/div>\n\n\n","protected":false},"excerpt":{"rendered":"<p>HOTEL IRIS Services HOTEL IRIS est fond\u00e9 en 1980 en tant que petite auberge familiale et est devenu un h\u00f4tel 3 \u00e9toiles moderne dans le centre-ville de Granollers. Avec un traitement personnel qui nous distingue et une grande vocation pour notre travail, nous vous proposons des chambres \u00e0 deux lits, doubles et simples, dans un &#8230; <a title=\"Servicios HOTEL IRIS en el Centro de Granollers\" class=\"read-more\" href=\"https:\/\/www.hoteliris.com\/fr\/hoteles-granollers-centro-parking\/\" aria-label=\"More on Servicios HOTEL IRIS en el Centro de Granollers\">Lire plus<\/a><\/p>\n","protected":false},"author":1,"featured_media":0,"parent":0,"menu_order":0,"comment_status":"closed","ping_status":"closed","template":"","meta":[],"_links":{"self":[{"href":"https:\/\/www.hoteliris.com\/fr\/wp-json\/wp\/v2\/pages\/1740"}],"collection":[{"href":"https:\/\/www.hoteliris.com\/fr\/wp-json\/wp\/v2\/pages"}],"about":[{"href":"https:\/\/www.hoteliris.com\/fr\/wp-json\/wp\/v2\/types\/page"}],"author":[{"embeddable":true,"href":"https:\/\/www.hoteliris.com\/fr\/wp-json\/wp\/v2\/users\/1"}],"replies":[{"embeddable":true,"href":"https:\/\/www.hoteliris.com\/fr\/wp-json\/wp\/v2\/comments?post=1740"}],"version-history":[{"count":7,"href":"https:\/\/www.hoteliris.com\/fr\/wp-json\/wp\/v2\/pages\/1740\/revisions"}],"predecessor-version":[{"id":1837,"href":"https:\/\/www.hoteliris.com\/fr\/wp-json\/wp\/v2\/pages\/1740\/revisions\/1837"}],"wp:attachment":[{"href":"https:\/\/www.hoteliris.com\/fr\/wp-json\/wp\/v2\/media?parent=1740"}],"curies":[{"name":"wp","href":"https:\/\/api.w.org\/{rel}","templated":true}]}}