{"id":1708,"date":"2020-11-10T11:21:43","date_gmt":"2020-11-10T11:21:43","guid":{"rendered":"https:\/\/www.hoteliris.com\/habitaciones-hotel-granollers\/"},"modified":"2020-12-30T09:52:52","modified_gmt":"2020-12-30T09:52:52","slug":"habitaciones-hotel-granollers","status":"publish","type":"page","link":"https:\/\/www.hoteliris.com\/fr\/habitaciones-hotel-granollers\/","title":{"rendered":"Hotel en Granollers Habitaciones"},"content":{"rendered":"<h1 class=\"entry-title tit1 tit5\">Chambres HOTEL IRIS<\/h1>\n<p><img loading=\"lazy\" class=\"mbi aligncenter wp-image-1767\" src=\"https:\/\/www.hoteliris.com\/wp-content\/uploads\/2020\/12\/HOTEL-IRIS-Barcelona-icon-4.png\" alt=\"HOTEL IRIS Barcelona icon\" width=\"98\" height=\"36\" \/><\/p>\n<div class=\"box4 \">\n<p class=\"tit4 tit4c\">Dans notre <strong>h\u00f4tel situ\u00e9 dans le centre-ville de Granollers<\/strong>, vous trouverez des chambres confortables dot\u00e9es de toutes les commodit\u00e9s, que vous soyez en <strong>voyage d&rsquo;affaires dans la r\u00e9gion de Barcelone<\/strong> ou que vous ayez besoin d&rsquo;une <strong>chambre double<\/strong> ou \u00e0 <strong>deux lits<\/strong>.<\/p>\n<\/div>\n\n<div class=\"box5 \"><!--<h2 class=\"tit1 tit2\">Habitaciones en el centro de Granollers<\/h2>-->\n<p class=\"tit4 tit4c\">L&rsquo;<span class=\"hi\">HOTEL IRIS<\/span> dispose de 53 chambres insonoris\u00e9es \u00e9quip\u00e9es de grands bureaux, de l&rsquo;air conditionn\u00e9, d&rsquo;une t\u00e9l\u00e9vision ou d&rsquo;une t\u00e9l\u00e9vision intelligente avec cha\u00eenes \u00e9trang\u00e8res et payantes, d&rsquo;un mini bar avec eau gratuite, d&rsquo;une connexion Internet Wifi ou par c\u00e2ble, d&rsquo;une salle de bain avec s\u00e8che-cheveux et distributeur de shampooing et de gel.<\/p>\n<p><img loading=\"lazy\" class=\"aligncenter wp-image-461\" src=\"https:\/\/www.hoteliris.com\/wp-content\/uploads\/2020\/12\/HOTEL-IRIS-icon-1.png\" alt=\"HOTEL IRIS Barcelona icon\" width=\"98\" height=\"36\" \/><\/p>\n<\/div>\n<ul class=\"lisc\">\n<li><img loading=\"lazy\" class=\"aligncenter wp-image-234\" src=\"https:\/\/www.hoteliris.com\/wp-content\/uploads\/2020\/12\/Hotel-IRIS-Smart-TV.png\" alt=\"Hotel IRIS Smart TV\" width=\"91\" height=\"70\" \/><br \/>TV<\/li>\n<li><img loading=\"lazy\" class=\"aligncenter wp-image-235\" src=\"https:\/\/www.hoteliris.com\/wp-content\/uploads\/2020\/12\/Hotel-IRIS-TV-Canales-extranjeros-.png\" alt=\"Hotel IRIS TV Canales extranjeros\" width=\"91\" height=\"70\" \/><br \/>Voies \u00e9trang\u00e8res et de paiement<\/li>\n<li><img loading=\"lazy\" class=\"aligncenter wp-image-230\" src=\"https:\/\/www.hoteliris.com\/wp-content\/uploads\/2020\/12\/Hotel-IRIS-Internet-Wifi-y-Ethernet.png\" alt=\"Hotel IRIS Internet Wifi y Ethernet\" width=\"72\" height=\"70\" \/><br \/>Internet Wifi et Ethernet<\/li>\n<li><img loading=\"lazy\" class=\"aligncenter wp-image-225\" src=\"https:\/\/www.hoteliris.com\/wp-content\/uploads\/2020\/12\/Hotel-IRIS-Aire-acondicionado.png\" alt=\"Hotel IRIS Aire acondicionado\" width=\"72\" height=\"70\" \/><br \/>Air conditionn\u00e9<\/li>\n<li><img loading=\"lazy\" class=\"aligncenter wp-image-231\" src=\"https:\/\/www.hoteliris.com\/wp-content\/uploads\/2020\/12\/Hotel-IRIS-Mini-Bar.png\" alt=\"Hotel IRIS Mini Bar\" width=\"65\" height=\"70\" \/><br \/>Mini Bar<\/li>\n<li><img loading=\"lazy\" class=\"aligncenter wp-image-228\" src=\"https:\/\/www.hoteliris.com\/wp-content\/uploads\/2020\/12\/Hotel-IRIS-Caja-fuerte.png\" alt=\"Hotel IRIS Caja fuerte\" width=\"72\" height=\"70\" \/><br \/>Coffre-fort<\/li>\n<li><img loading=\"lazy\" class=\"aligncenter wp-image-226\" src=\"https:\/\/www.hoteliris.com\/wp-content\/uploads\/2020\/12\/Hotel-IRIS-Bano-con-banera-y-ducha.png\" alt=\"Hotel IRIS Ba\u00f1o con banera y ducha\" width=\"78\" height=\"70\" \/><br \/>Salle de bain avec baignoire ou douche<\/li>\n<li><img loading=\"lazy\" class=\"aligncenter wp-image-233\" src=\"https:\/\/www.hoteliris.com\/wp-content\/uploads\/2020\/12\/Hotel-IRIS-Secador-de-pelo.png\" alt=\"Hotel IRIS Secador de pelo\" width=\"85\" height=\"70\" \/><br \/>S\u00e8che-cheveux<\/li>\n<li><img loading=\"lazy\" class=\"aligncenter wp-image-227\" src=\"https:\/\/www.hoteliris.com\/wp-content\/uploads\/2020\/12\/Hotel-IRIS-Botella-de-agua-gratuita.png\" alt=\"Hotel IRIS Botella de agua gratuita\" width=\"28\" height=\"70\" \/><br \/>Bouteille d&rsquo;eau gratuite<\/li>\n<li><img loading=\"lazy\" class=\"aligncenter wp-image-229\" src=\"https:\/\/www.hoteliris.com\/wp-content\/uploads\/2020\/12\/Hotel-IRIS-Dispensador-de-champu-y-gel.png\" alt=\"Hotel IRIS Dispensador de champ\u00fa y gel\" width=\"47\" height=\"70\" \/><br \/>Distributeur de shampooing et de gel<\/li>\n<li><img loading=\"lazy\" class=\"aligncenter wp-image-232\" src=\"https:\/\/www.hoteliris.com\/wp-content\/uploads\/2020\/12\/Hotel-IRIS-Panuelos-de-papel.png\" alt=\"Hotel IRIS Pa\u00f1uelos de papel\" width=\"74\" height=\"70\" \/><br \/>mouchoir en papier<\/li>\n<li><img loading=\"lazy\" class=\"aligncenter wp-image-925\" src=\"https:\/\/www.hoteliris.com\/wp-content\/uploads\/2020\/12\/Hotel-IRIS-Amenities.png\" alt=\"Hotel IRIS Amenities\" width=\"64\" height=\"70\" \/><br \/>Amenities<\/li>\n<\/ul>\n\n\n<div class=\"wp-block-columns are-vertically-aligned-center\">\n<div class=\"wp-block-column is-vertically-aligned-center\" style=\"flex-basis: 66.66%;\"><\/div>\n\n\n\n<div class=\"wp-block-column is-vertically-aligned-center\" style=\"flex-basis: 33.33%;\">\n<div class=\"box1\">\n<h3 class=\"tit10\">CHAMBRE \u00c0 DEUX LITS<\/h3>\n<p class=\"tit6\"><strong>Vous cherchez un h\u00f4tel \u00e0 Granollers pour le travail ou pour le loisir<\/strong>? Dans les <strong>chambres \u00e0 deux lits de l&rsquo;HOTEL IRIS, \u00e0 Granollers<\/strong>, vous trouverez un grand espace, polyvalent, et avec tout le confort. Chambre double spacieuse avec 2 lits ensemble, climatisation, TV ou smart TV avec cha\u00eenes \u00e9trang\u00e8res et payantes, Mini Bar avec eau gratuite, connexion Internet Wifi ou par c\u00e2ble, salle de bain avec s\u00e8che-cheveux et distributeur de shampoing et de gel.<\/p>\n<p class=\"tit3\"><a class=\"button1\" title=\"HABITACI\u00d3N DOBLE\" href=\"https:\/\/www.faciltef.com\/acinet2\/ShoppingCenter\/Search?gateway=02lMDQYrcSpQBtUpz4gyyVYcIfbuzWJf&#038;lang=FR&#038;room_filter_id=1165\" target=\"_blank\" rel=\"noopener noreferrer\">R\u00e9server maintenant<\/a><\/p>\n<\/div>\n<\/div>\n<\/div>\n\n<div class=\"box3\">\u00a0<\/div>\n\n\n<div class=\"wp-block-columns are-vertically-aligned-center\">\n<div class=\"wp-block-column is-vertically-aligned-center\" style=\"flex-basis: 66.66%;\"><\/div>\n\n\n\n<div class=\"wp-block-column is-vertically-aligned-center\" style=\"flex-basis: 33.33%;\">\n<div class=\"box1\">\n<h3 class=\"tit10\">CHAMBRE DOUBLE<\/h3>\n<p class=\"tit6\"><strong>Vous recherchez un h\u00f4tel \u00e0 Granollers pour toute la famille ou un grand espace \u00e0 usage individuel<\/strong>? Les <strong>chambres doubles de l&rsquo;IRIS HOTEL<\/strong>, sont le choix id\u00e9al, que vous voyagiez en famille ou que vous <strong>recherchiez une grande chambre individuelle<\/strong>. Avec tout le confort, il dispose d&rsquo;un lit king size, d&rsquo;un grand bureau, de l&rsquo;air conditionn\u00e9, d&rsquo;une t\u00e9l\u00e9vision ou d&rsquo;une t\u00e9l\u00e9vision intelligente avec des cha\u00eenes \u00e9trang\u00e8res et payantes, d&rsquo;un mini bar avec eau gratuite, d&rsquo;une connexion Internet par Wifi ou c\u00e2ble, d&rsquo;une salle de bain avec s\u00e8che-cheveux et distributeur de shampooing et de gel.<\/p>\n<p class=\"tit3\"><a class=\"button1\" title=\"HABITACI\u00d3N MATRIMONIO\" href=\"https:\/\/www.faciltef.com\/acinet2\/ShoppingCenter\/Search?gateway=02lMDQYrcSpQBtUpz4gyyVYcIfbuzWJf&amp;lang=FR&amp;room_filter_id=1166\" target=\"_blank\" rel=\"noopener noreferrer\">R\u00e9server maintenant<\/a><\/p>\n<\/div>\n<\/div>\n<\/div>\n\n<div class=\"box3\">\u00a0<\/div>\n\n\n<div class=\"wp-block-columns are-vertically-aligned-center\">\n<div class=\"wp-block-column is-vertically-aligned-center\" style=\"flex-basis: 66.66%;\"><\/div>\n\n\n\n<div class=\"wp-block-column is-vertically-aligned-center\" style=\"flex-basis: 33.33%;\">\n<div class=\"box1\">\n<h3 class=\"tit10\">CHAMBRE INDIVIDUELLE<\/h3>\n<p class=\"tit6\">La chambre simple, comme le reste des chambres de l&rsquo;h\u00f4tel Iris, dispose de tous les services, climatisation, TV ou smart TV avec cha\u00eenes \u00e9trang\u00e8res et payantes, Mini Bar avec eau gratuite, connexion Internet Wifi ou par c\u00e2ble, salle de bain avec s\u00e8che-cheveux et distributeur de shampoing et de gel.<\/p>\n<p class=\"tit3\"><a class=\"button1\" title=\"HABITACI\u00d3N INDIVIDUAL\" href=\"https:\/\/www.faciltef.com\/acinet2\/ShoppingCenter\/Search?gateway=02lMDQYrcSpQBtUpz4gyyVYcIfbuzWJf&#038;lang=FR&#038;room_filter_id=1167\" target=\"_blank\" rel=\"noopener noreferrer\">R\u00e9server maintenant<\/a><\/p>\n<\/div>\n<\/div>\n<\/div>\n\n<div class=\"box3\">\u00a0<\/div>\n\n","protected":false},"excerpt":{"rendered":"<p>Chambres HOTEL IRIS Dans notre h\u00f4tel situ\u00e9 dans le centre-ville de Granollers, vous trouverez des chambres confortables dot\u00e9es de toutes les commodit\u00e9s, que vous soyez en voyage d&rsquo;affaires dans la r\u00e9gion de Barcelone ou que vous ayez besoin d&rsquo;une chambre double ou \u00e0 deux lits. L&rsquo;HOTEL IRIS dispose de 53 chambres insonoris\u00e9es \u00e9quip\u00e9es de grands &#8230; <a title=\"Hotel en Granollers Habitaciones\" class=\"read-more\" href=\"https:\/\/www.hoteliris.com\/fr\/habitaciones-hotel-granollers\/\" aria-label=\"More on Hotel en Granollers Habitaciones\">Lire plus<\/a><\/p>\n","protected":false},"author":1,"featured_media":0,"parent":0,"menu_order":0,"comment_status":"closed","ping_status":"closed","template":"","meta":[],"_links":{"self":[{"href":"https:\/\/www.hoteliris.com\/fr\/wp-json\/wp\/v2\/pages\/1708"}],"collection":[{"href":"https:\/\/www.hoteliris.com\/fr\/wp-json\/wp\/v2\/pages"}],"about":[{"href":"https:\/\/www.hoteliris.com\/fr\/wp-json\/wp\/v2\/types\/page"}],"author":[{"embeddable":true,"href":"https:\/\/www.hoteliris.com\/fr\/wp-json\/wp\/v2\/users\/1"}],"replies":[{"embeddable":true,"href":"https:\/\/www.hoteliris.com\/fr\/wp-json\/wp\/v2\/comments?post=1708"}],"version-history":[{"count":7,"href":"https:\/\/www.hoteliris.com\/fr\/wp-json\/wp\/v2\/pages\/1708\/revisions"}],"predecessor-version":[{"id":1848,"href":"https:\/\/www.hoteliris.com\/fr\/wp-json\/wp\/v2\/pages\/1708\/revisions\/1848"}],"wp:attachment":[{"href":"https:\/\/www.hoteliris.com\/fr\/wp-json\/wp\/v2\/media?parent=1708"}],"curies":[{"name":"wp","href":"https:\/\/api.w.org\/{rel}","templated":true}]}}