{"id":1681,"date":"2020-11-27T09:17:20","date_gmt":"2020-11-27T09:17:20","guid":{"rendered":"https:\/\/www.hoteliris.com\/hotel-iris-centro-granollers\/"},"modified":"2020-12-30T18:01:18","modified_gmt":"2020-12-30T18:01:18","slug":"hotel-iris-centro-granollers","status":"publish","type":"page","link":"https:\/\/www.hoteliris.com\/fr\/hotel-iris-centro-granollers\/","title":{"rendered":"Ubicaci\u00f3n y Entorno HOTEL IRIS"},"content":{"rendered":"<h1 class=\"entry-title tit1 tit5\">Emplacement et environnement<\/h1>\n<p><img loading=\"lazy\" class=\"mbi aligncenter wp-image-1767\" src=\"https:\/\/www.hoteliris.com\/wp-content\/uploads\/2020\/12\/HOTEL-IRIS-Barcelona-icon-4.png\" alt=\"HOTEL IRIS Barcelona icon\" width=\"98\" height=\"36\" \/><\/p>\n\n<p class=\"tit4\">L&rsquo;<span class=\"hi\">HOTEL IRIS<\/span> est situ\u00e9 dans un emplacement privil\u00e9gi\u00e9. Situ\u00e9 au centre-ville de Granollers, vous aurez tout le confort de la zone commerciale de la ville \u00e0 port\u00e9e de main. Vous serez \u00e9galement reli\u00e9 aux principaux r\u00e9seaux autoroutiers, routiers et ferroviaires en quelques minutes.<\/p>\n\n\n\n<div class=\"wp-block-columns\">\n<div class=\"wp-block-column\">\n<div class=\"rowfr\">\n<div class=\"fr1\"><img loading=\"lazy\" class=\"wp-image-1005 alignnone\" src=\"https:\/\/www.hoteliris.com\/wp-content\/uploads\/2020\/12\/Estacion-de-tren-Granollers-Hotel-IRIS.png\" alt=\"Estaci\u00f3n de tren Granollers Hotel IRIS\" width=\"58\" height=\"60\" \/><\/div>\n<div class=\"fr2b\">\n<p class=\"tit9\">Gare centrale de Granollers<\/p>\n<p class=\"tit14\">Liaison Ave et a\u00e9roport el Prat<\/p>\n<\/div>\n<\/div>\n<p>La gare de Granollers Centre est \u00e0 seulement 150 m\u00e8tres de l&rsquo;h\u00f4tel. Avec des connexions de Rodalies (\u00e0 proximit\u00e9), Moyenne et Longue distance.<\/p>\n<p>Gr\u00e2ce \u00e0 la fr\u00e9quence \u00e9lev\u00e9e des trains \u00e0 destination de Barcelone, vous trouverez une communication parfaite avec l&rsquo;avenue et l&rsquo;a\u00e9roport d&rsquo;El Prat Barcelona.<\/p>\n<\/div>\n\n\n\n<div class=\"wp-block-column\">\n<div class=\"rowfr\">\n<div class=\"fr1\"><img loading=\"lazy\" class=\"wp-image-1004 alignnone\" src=\"https:\/\/www.hoteliris.com\/wp-content\/uploads\/2020\/12\/Autopistas-y-autovias-Hotel-IRIS.png\" alt=\"Autopistas y autov\u00edas Hotel IRIS\" width=\"58\" height=\"60\" \/><\/div>\n<div class=\"fr2b\">\n<p class=\"tit9\">Autoroutes et routes<\/p>\n<\/div>\n<\/div>\n<p>\u00c0 l&rsquo;<span class=\"hi\">HOTEL IRIS<\/span> Granollers, nous disposons d&rsquo;un parking exclusif pour nos clients. Vous aurez un acc\u00e8s direct aux principales voies de communication \u00e0 quelques minutes seulement.<\/p>\n<p>&#8211; AP-7 Sortie n\u00b013. \u00a0<br \/>&#8211; Autoroute C-17 Barcelone. Vic sort au km 18 (Granollers Sud), au km 20 (Granollers Centre) et au km 22 (Granollers Nord). \u00a0<br \/>&#8211; C-35. \u00a0<br \/>&#8211; Autoroute C-60 Matar\u00f3-Granollers.<\/p>\n<\/div>\n<\/div>\n\n\n\n<div class=\"wp-block-columns\">\n<div class=\"wp-block-column\">\n<div class=\"rowfr\">\n<div class=\"fr1\"><img loading=\"lazy\" class=\"wp-image-1007 alignnone\" src=\"https:\/\/www.hoteliris.com\/wp-content\/uploads\/2020\/12\/Zonas-de-Shopping-y-Culturales-de-Granollers-Hotel-IRIS.png\" alt=\"Zonas de Shopping y Culturales de Granollers Hotel IRIS\" width=\"58\" height=\"60\" \/><\/div>\n<div class=\"fr2c\">\n<p class=\"tit9\">Zones commerciales et culturelles de Granollers<\/p>\n<\/div>\n<\/div>\n<p>A quelques m\u00e8tres de l&rsquo;<span class=\"hi\">HOTEL IRIS<\/span> Granollers, vous serez dans le centre commercial le captital du Vall\u00e9s Occidental, avec toutes les ressources et le confort d&rsquo;une grande ville. Vous pourrez \u00e9galement profiter du patrimoine historique et culturel, tel que La Porxada, un ancien entrep\u00f4t \u00e0 grains de style Renaissance, construit entre 1586 et 1587, catalogu\u00e9 comme bien patrimonial.<\/p>\n<\/div>\n\n\n\n<div class=\"wp-block-column\">\n<div class=\"rowfr\">\n<div class=\"fr1\"><img loading=\"lazy\" class=\"wp-image-815 alignnone\" src=\"https:\/\/www.hoteliris.com\/wp-content\/uploads\/2020\/12\/Circuit-Barcelona-Catalunya-Hotel-IRIS.png\" alt=\"Circuit Barcelona - Catalunya Hotel IRIS\" width=\"58\" height=\"60\" \/><\/div>\n<div class=\"fr2b\">\n<p class=\"tit9\">Circuit de Barcelone \u2013 Catalogne<\/p>\n<p class=\"tit14\">\u00c0 3 km de l&rsquo;h\u00f4tel.<\/p>\n<\/div>\n<\/div>\n<p><strong>Vous cherchez un h\u00f4tel, appartement \u00e0 Granollers pr\u00e8s de Circuit de Barcelona-Catalunya?<\/strong>\u00a0L<span class=\"hi\">HOTEL IRIS<\/span>, Granollers, se trouve \u00e0 10 minutes seulement du Circuit de Barcelona-Catalunya. \u00c9galement connu sous le nom de Circuito de Montmel\u00f3 ou Circuito de Barcelona, c&rsquo;est un centre automobile de premi\u00e8re classe situ\u00e9 \u00e0 Montmel\u00f3, \u00e0 10 minutes de Granollers.<\/p>\n<\/div>\n<\/div>\n\n\n<p><img loading=\"lazy\" class=\"aligncenter size-full wp-image-1051\" src=\"https:\/\/www.hoteliris.com\/wp-content\/uploads\/2020\/12\/HOTEL-IRIS-Granollers-Circuit-de-Barcelona-La-Garriga.jpg\" alt=\"HOTEL IRIS Granollers cerca de Circuit de Barcelona-Montmel\u00f3\" title=\"Hoteles Circuit de Catalunya-Circuit de Montmel\u00f3\" width=\"100%\" height=\"979\" srcset=\"https:\/\/www.hoteliris.com\/wp-content\/uploads\/2020\/12\/HOTEL-IRIS-Granollers-Circuit-de-Barcelona-La-Garriga.jpg 1418w, https:\/\/www.hoteliris.com\/wp-content\/uploads\/2020\/12\/HOTEL-IRIS-Granollers-Circuit-de-Barcelona-La-Garriga-300x207.jpg 300w, https:\/\/www.hoteliris.com\/wp-content\/uploads\/2020\/12\/HOTEL-IRIS-Granollers-Circuit-de-Barcelona-La-Garriga-1024x707.jpg 1024w, https:\/\/www.hoteliris.com\/wp-content\/uploads\/2020\/12\/HOTEL-IRIS-Granollers-Circuit-de-Barcelona-La-Garriga-768x530.jpg 768w\" sizes=\"(max-width: 1418px) 100vw, 1418px\" \/><\/p>\n\n\n<div class=\"wp-block-columns\">\n<div class=\"wp-block-column\">\n<div class=\"rowfr\">\n<div class=\"fr1\"><img loading=\"lazy\" class=\"wp-image-818 alignnone\" src=\"https:\/\/www.hoteliris.com\/wp-content\/uploads\/2020\/12\/La-Roca-Village-Hotel-IRIS.png\" alt=\"La Roca Village Hotel IRIS\" width=\"58\" height=\"60\" \/><\/div>\n<div class=\"fr2b\">\n<p class=\"tit9\">La Roca Village<\/p>\n<p class=\"tit14\">15 min. de route sur l&rsquo;AP-7.<\/p>\n<\/div>\n<\/div>\n<p>Centre commercial en plein air avec des rues pi\u00e9tonnes, une atmosph\u00e8re chic et des boutiques des plus grandes marques de mode avec des r\u00e9ductions importantes.<\/p>\n<\/div>\n\n\n\n<div class=\"wp-block-column\">\n<div class=\"rowfr\">\n<div class=\"fr1\"><img loading=\"lazy\" class=\"alignnone wp-image-1011\" src=\"https:\/\/www.hoteliris.com\/wp-content\/uploads\/2020\/12\/Ruta-modernista-de-La-Garriga-HOTEL-IRIS.png\" alt=\"Ruta modernista de La Garriga HOTEL IRIS\" width=\"58\" height=\"60\" srcset=\"https:\/\/www.hoteliris.com\/wp-content\/uploads\/2020\/12\/Ruta-modernista-de-La-Garriga-HOTEL-IRIS.png 335w, https:\/\/www.hoteliris.com\/wp-content\/uploads\/2020\/12\/Ruta-modernista-de-La-Garriga-HOTEL-IRIS-290x300.png 290w\" sizes=\"(max-width: 58px) 100vw, 58px\" \/><\/div>\n<div class=\"fr2b\">\n<p class=\"tit9\">Route moderniste de La Garriga<\/p>\n<p class=\"tit14\">19 min. de route sur le C-17.<\/p>\n<\/div>\n<\/div>\n<p>La Garriga est une petite ville situ\u00e9e au nord de Granollers, dans la r\u00e9gion du Vall\u00e8s Oriental, qui se caract\u00e9rise par une forte densit\u00e9 de b\u00e2timents modernistes int\u00e9ressants, r\u00e9sultat des r\u00e9sidences secondaires de la bourgeoisie catalane \u00e0 la fin du XIXe si\u00e8cle.<\/p>\n<\/div>\n<\/div>\n\n\n\n<div class=\"wp-block-columns\">\n<div class=\"wp-block-column\">\n<div class=\"rowfr\">\n<div class=\"fr1\"><img loading=\"lazy\" class=\"wp-image-905 alignnone\" src=\"https:\/\/www.hoteliris.com\/wp-content\/uploads\/2020\/12\/Ciudad-Barcelona-Hotel-IRIS.png\" alt=\"Ciudad Barcelona Hotel IRIS\" width=\"58\" height=\"60\" \/><\/div>\n<div class=\"fr2b\">\n<p class=\"tit9\">Ville de Barcelone<\/p>\n<p class=\"tit14\">\u00c0 25 minutes en voiture.<\/p>\n<\/div>\n<\/div>\n<p>En train ou en voiture, vous atteindrez la ville de Barcelone en quelques minutes. Zones commerciales, Culture, Las Ramblas, La Barceloneta&#8230; Une des villes les plus appr\u00e9ci\u00e9es au monde.<\/p>\n<\/div>\n\n\n\n<div class=\"wp-block-column\">\n<div class=\"rowfr\">\n<div class=\"fr1\"><img loading=\"lazy\" class=\"wp-image-906 alignnone\" src=\"https:\/\/www.hoteliris.com\/wp-content\/uploads\/2020\/12\/Playas-del-Maresme-Hotel-IRIS-Barcelona.png\" alt=\"Playas del Maresme Hotel IRIS Barcelona\" width=\"58\" height=\"60\" \/><\/div>\n<div class=\"fr2b\">\n<p class=\"tit9\">Plages du Maresme<\/p>\n<p class=\"tit14\">\u00c0 10 km de l&rsquo;h\u00f4tel.<\/p>\n<\/div>\n<\/div>\n<p>Les plages du Maresme se distinguent par la douceur de leur climat et la luminosit\u00e9 caract\u00e9ristique de la M\u00e9diterran\u00e9e.<\/p>\n<p>Pour ceux qui aiment la nature et la mer, les petites criques rocheuses de sable blanc et les longues plages de sable dor\u00e9, se caract\u00e9risent principalement par la qualit\u00e9 de leurs eaux, ce qui fait que le Maresme compte dix plages avec le drapeau bleu distinctif et trois avec le Q pour la qualit\u00e9 touristique. <\/p>\n<\/div>\n<\/div>\n\n\n\n<div class=\"wp-block-columns\">\n<div class=\"wp-block-column\"><img loading=\"lazy\" class=\"size-full wp-image-1887 aligncenter\" src=\"https:\/\/www.hoteliris.com\/wp-content\/uploads\/2020\/12\/Hotel-IRIS-Barcelona-turismo.jpg\" alt=\"Hotel IRIS Barcelona turismo\" width=\"100%\" height=\"600\" srcset=\"https:\/\/www.hoteliris.com\/wp-content\/uploads\/2020\/12\/Hotel-IRIS-Barcelona-turismo.jpg 902w, https:\/\/www.hoteliris.com\/wp-content\/uploads\/2020\/12\/Hotel-IRIS-Barcelona-turismo-300x200.jpg 300w, https:\/\/www.hoteliris.com\/wp-content\/uploads\/2020\/12\/Hotel-IRIS-Barcelona-turismo-768x511.jpg 768w\" sizes=\"(max-width: 902px) 100vw, 902px\" \/> <\/div>\n\n\n\n<div class=\"wp-block-column\"><img loading=\"lazy\" class=\"size-full wp-image-1899 aligncenter\" src=\"https:\/\/www.hoteliris.com\/wp-content\/uploads\/2020\/12\/Hotel-IRIS-playas-del-maresme.jpg\" alt=\"Hotel IRIS playas del maresme\" width=\"100%\" height=\"600\" srcset=\"https:\/\/www.hoteliris.com\/wp-content\/uploads\/2020\/12\/Hotel-IRIS-playas-del-maresme.jpg 902w, https:\/\/www.hoteliris.com\/wp-content\/uploads\/2020\/12\/Hotel-IRIS-playas-del-maresme-300x200.jpg 300w, https:\/\/www.hoteliris.com\/wp-content\/uploads\/2020\/12\/Hotel-IRIS-playas-del-maresme-768x511.jpg 768w\" sizes=\"(max-width: 902px) 100vw, 902px\" \/><\/div>\n<\/div>\n\n\n<div class=\"box10\">\n<div class=\"rowfr\">\n<div class=\"fr1\"><img loading=\"lazy\" class=\"wp-image-1006 alignnone\" src=\"https:\/\/www.hoteliris.com\/wp-content\/uploads\/2020\/12\/Parque-Natural-del-Montseny-Hotel-IRIS.png\" alt=\"Parque Natural del Montseny Hotel IRIS\" width=\"58\" height=\"60\" \/><\/div>\n<div class=\"fr2b\">\n<p class=\"tit9\">Parc naturel et r\u00e9serve de biosph\u00e8re d&rsquo;El Montseny<\/p>\n<p class=\"tit14\">20 min. de route sur l&rsquo;AP-7.<\/p>\n<\/div>\n<\/div>\n<p>Id\u00e9al pour les amateurs de trekking, le parc naturel du Montseny, une r\u00e9serve de la biosph\u00e8re, est situ\u00e9 dans la cha\u00eene de montagne pr\u00e9-c\u00f4ti\u00e8re catalane, dont il est le plus haut massif. Elle occupe une superficie de 31 063,90 hectares r\u00e9partis entre dix-huit communes appartenant \u00e0 trois r\u00e9gions (Osona, La Selva et Vall\u00e8s Oriental).<\/p>\n<p>Trois grandes cha\u00eenes de montagnes composent le massif: le Tur\u00f3 de l&rsquo;Home (1 706 m) et Les Agudes (1 703 m), le Matagalls (1 697 m) et le Pla de la Calma (Puig Drau 1 344 m), qui, rejoints par les collines de Sant Mar\u00e7al et Coll Formic, respectivement, entourent le bassin sup\u00e9rieur de la Tordera.<\/p>\n<\/div>\n\n\n<img loading=\"lazy\" src=\"https:\/\/www.hoteliris.com\/wp-content\/uploads\/2020\/12\/HOTEL-IRIS-Granollers-Parque-Natural-del-Montseny.jpg\" alt=\"\" width=\"100%\" height=\"422\" class=\"aligncenter size-full wp-image-1049\" srcset=\"https:\/\/www.hoteliris.com\/wp-content\/uploads\/2020\/12\/HOTEL-IRIS-Granollers-Parque-Natural-del-Montseny.jpg 1600w, https:\/\/www.hoteliris.com\/wp-content\/uploads\/2020\/12\/HOTEL-IRIS-Granollers-Parque-Natural-del-Montseny-300x79.jpg 300w, https:\/\/www.hoteliris.com\/wp-content\/uploads\/2020\/12\/HOTEL-IRIS-Granollers-Parque-Natural-del-Montseny-1024x270.jpg 1024w, https:\/\/www.hoteliris.com\/wp-content\/uploads\/2020\/12\/HOTEL-IRIS-Granollers-Parque-Natural-del-Montseny-768x203.jpg 768w, https:\/\/www.hoteliris.com\/wp-content\/uploads\/2020\/12\/HOTEL-IRIS-Granollers-Parque-Natural-del-Montseny-1536x405.jpg 1536w\" sizes=\"(max-width: 1600px) 100vw, 1600px\" \/>\n\n","protected":false},"excerpt":{"rendered":"<p>Emplacement et environnement L&rsquo;HOTEL IRIS est situ\u00e9 dans un emplacement privil\u00e9gi\u00e9. Situ\u00e9 au centre-ville de Granollers, vous aurez tout le confort de la zone commerciale de la ville \u00e0 port\u00e9e de main. Vous serez \u00e9galement reli\u00e9 aux principaux r\u00e9seaux autoroutiers, routiers et ferroviaires en quelques minutes. Parc naturel et r\u00e9serve de biosph\u00e8re d&rsquo;El Montseny 20 &#8230; <a title=\"Ubicaci\u00f3n y Entorno HOTEL IRIS\" class=\"read-more\" href=\"https:\/\/www.hoteliris.com\/fr\/hotel-iris-centro-granollers\/\" aria-label=\"More on Ubicaci\u00f3n y Entorno HOTEL IRIS\">Lire plus<\/a><\/p>\n","protected":false},"author":1,"featured_media":0,"parent":0,"menu_order":0,"comment_status":"closed","ping_status":"closed","template":"","meta":[],"_links":{"self":[{"href":"https:\/\/www.hoteliris.com\/fr\/wp-json\/wp\/v2\/pages\/1681"}],"collection":[{"href":"https:\/\/www.hoteliris.com\/fr\/wp-json\/wp\/v2\/pages"}],"about":[{"href":"https:\/\/www.hoteliris.com\/fr\/wp-json\/wp\/v2\/types\/page"}],"author":[{"embeddable":true,"href":"https:\/\/www.hoteliris.com\/fr\/wp-json\/wp\/v2\/users\/1"}],"replies":[{"embeddable":true,"href":"https:\/\/www.hoteliris.com\/fr\/wp-json\/wp\/v2\/comments?post=1681"}],"version-history":[{"count":17,"href":"https:\/\/www.hoteliris.com\/fr\/wp-json\/wp\/v2\/pages\/1681\/revisions"}],"predecessor-version":[{"id":1917,"href":"https:\/\/www.hoteliris.com\/fr\/wp-json\/wp\/v2\/pages\/1681\/revisions\/1917"}],"wp:attachment":[{"href":"https:\/\/www.hoteliris.com\/fr\/wp-json\/wp\/v2\/media?parent=1681"}],"curies":[{"name":"wp","href":"https:\/\/api.w.org\/{rel}","templated":true}]}}