{"id":1643,"date":"2020-11-09T12:14:22","date_gmt":"2020-11-09T12:14:22","guid":{"rendered":"https:\/\/www.hoteliris.com\/politica-de-cookies\/"},"modified":"2020-12-23T14:33:10","modified_gmt":"2020-12-23T14:33:10","slug":"politica-de-cookies","status":"publish","type":"page","link":"https:\/\/www.hoteliris.com\/fr\/politica-de-cookies\/","title":{"rendered":"Pol\u00edtica de Cookies"},"content":{"rendered":"<p class=\"entry-title tit7\">Pol\u00edtica de Cookies<\/p>\n<p>Una cookie es un fichero que se descarga en su ordenador al acceder a determinadas p\u00e1ginas web. Las cookies permiten a una p\u00e1gina web, entre otras cosas, almacenar y recuperar informaci\u00f3n sobre los h\u00e1bitos de navegaci\u00f3n de un usuario o de su equipo y, dependiendo de la informaci\u00f3n que contengan y de la forma en que utilice su equipo, pueden utilizarse para reconocer al usuario.<\/p>\n<p class=\"tit11\">Tipos de Cookies seg\u00fan su finalidad en esta web.<\/p>\n<p><strong>Cookies t\u00e9cnicas<\/strong><br \/>\nSon aqu\u00e9llas que permiten al usuario la navegaci\u00f3n a trav\u00e9s de una p\u00e1gina web, plataforma o aplicaci\u00f3n y la utilizaci\u00f3n de las diferentes opciones o servicios que en ella existan como, por ejemplo, identificar la sesi\u00f3n a los administradorers, recordar los elementos que integran un formulario, almacenar contenidos para la difusi\u00f3n de videos o sonido o compartir contenidos a trav\u00e9s de redes sociales. En este sitio web se utilizan cookies t\u00e9cnicas propias del gestor de contenidos WordPress con el que se ha realizado esta web.<\/p>\n<p><strong>Cookies de personalizaci\u00f3n<\/strong><br \/>\nSon aqu\u00e9llas que permiten al usuario acceder al servicio con algunas caracter\u00edsticas de car\u00e1cter general predefinidas en funci\u00f3n de una serie de criterios en el terminal del usuario como por ejemplo serian el idioma, el tipo de navegador a trav\u00e9s del cual accede al servicio, la configuraci\u00f3n regional desde donde accede al servicio, etc.<\/p>\n<p><strong>Cookies de an\u00e0lisis<\/strong><br \/>\nSon aqu\u00e9llas que bien tratadas por nosotros o por terceros, nos permiten cuantificar la naturaleza de los usuarios de nuestra web y as\u00ed realizar la medici\u00f3n y an\u00e1lisis estad\u00edstico de la utilizaci\u00f3n que hacen los usuarios de nuestra p\u00e1gina web. Para ello se analiza su navegaci\u00f3n en nuestra p\u00e1gina web con el fin de mejorar la oferta de productos o servicios que le ofrecemos. Este sitio utiliza las cookies de Google an\u00e1litcs con este prop\u00f3sito.<\/p>\n<table>\n<tbody>\n<tr>\n<td colspan=\"6\"><b>Tabla de cookies utilizadas en www.hoteliris.com<\/b><\/td>\n<\/tr>\n<tr>\n<td><b>Nombre<\/b><\/td>\n<td><b>Tipo<\/b><\/td>\n<td><b>Prop\u00f3sito<\/b><\/td>\n<td><b>Duraci\u00f3n<\/b><\/td>\n<td><b>Propiedad<\/b><\/td>\n<td><b>Proveedor<\/b><\/td>\n<\/tr>\n<tr>\n<td>_ga<\/p>\n<p>_gat<\/p>\n<p>_gid<\/p>\n<p>_utma<\/p>\n<p>_utmb<\/p>\n<p>_utmc<\/p>\n<p>_utmz<\/td>\n<td>Cookies de an\u00e1lisis<\/td>\n<td>Recopilan informaci\u00f3n an\u00f3nima sobre la navegaci\u00f3n de los usuarios por el sitio web con el fin de conocer el origen de las visitas y otros datos estad\u00edsticos similares.<\/td>\n<td>Temporal<\/td>\n<td>De terceros<\/td>\n<td>Google Analytics<\/td>\n<\/tr>\n<tr>\n<td>cookielawinfo-checkbox-necessary<\/p>\n<p>viewed_cookie_policy<\/td>\n<td>Cookies T\u00e9cnicas<\/td>\n<td>Mostrar y aceptaci\u00f3n de la pol\u00edtica de cookies<\/td>\n<td>Temporal<\/td>\n<td>De terceros<\/td>\n<td>Propia de la web<\/td>\n<\/tr>\n<tr>\n<td>_ic_current_language<\/td>\n<td>Cookies T\u00e9cnicas<\/td>\n<td>indicar el idioma utilizado para mostrar los contenidos de la p\u00e1gina solicitada<\/td>\n<td>Temporal<\/td>\n<td>De terceros<\/td>\n<td>Propia de la web<\/td>\n<\/tr>\n<\/tbody>\n<\/table>\n<p>M\u00e1s detalle de las cookies de Google Analytics: <a href=\"https:\/\/developers.google.com\/analytics\/devguides\/collection\/analyticsjs\/cookie-usage?hl=es-419\">https:\/\/developers.google.com\/analytics\/devguides\/collection\/analyticsjs\/cookie-usage?hl=es-419<\/a><\/p>\n<p>Las cookies utilizadas en esta web pueden variar en funci\u00f3n de las actualizaciones o cambios en las aplicaciones instaladas.<\/p>\n<p class=\"tit11\">Gesti\u00f3n de las cookies.<\/p>\n<p><strong>Permitir, Bloquear o Eliminar las cookies.<\/strong><\/p>\n<p>Si usted, el usuario de la web, no manifiesta expresamente si acepta o no la instalaci\u00f3n de las cookies de nuestra web, a trav\u00e9s del bot\u00f3n ACEPTAR COOKIES que aparece visible en la parte superior de la p\u00e1gina de inicio de esta web, pero contin\u00faa utilizando la p\u00e1gina web, se podr\u00eda entender que ha dado su consentimiento.<\/p>\n<p>Puede Usted puede permitir, bloquear o eliminar las cookies mediante la configuraci\u00f3n de las opciones del navegador instalado en su ordenador.<\/p>\n<p>Enlaces a la informaci\u00f3n para la configuraci\u00f3n de Cookies en los navegadores m\u00e1s utilizados:<\/p>\n<p>Chrome: <a href=\"https:\/\/support.google.com\/chrome\/answer\/95647?hl=es\">Click aqu\u00ed<\/a><\/p>\n<p>Explorer: <a href=\"https:\/\/support.microsoft.com\/es-es\/help\/17442\/windows-internet-explorer-delete-manage-cookies#ie=ie-11\">Cilck aqu\u00ed<\/a><\/p>\n<p>Firefox: <a href=\"https:\/\/support.mozilla.org\/es\/kb\/habilitar-y-deshabilitar-cookies-sitios-web-rastrear-preferencias?redirectlocale=es&amp;redirectslug=habilitar-y-deshabilitar-cookies-que-los-sitios-web\">Click aqu\u00ed<\/a><\/p>\n<p>Safari, <a href=\"https:\/\/www.apple.com\/legal\/privacy\/es\/cookies\/\">Click aqu\u00ed<\/a><\/p>\n<p>Si desea m\u00e1s informaci\u00f3n sobre la normativa aplicable en materia de cookies en Espa\u00f1a, puede consultar las resoluciones y las publicaciones m\u00e1s relevantes realizadas por la Agencia Espa\u00f1ola de Protecci\u00f3n de Datos sobre esta materia en <a href=\"http:\/\/www.agpd.es\/portalwebAGPD\/canaldocumentacion\/cookies\/index-ides-idphp.php\">www.agpd.es\/portalwebAGPD\/canaldocumentacion\/cookies\/index-ides-idphp.php<\/a>.<\/p>\n<p><b>Alternativas externas<\/b><\/p>\n<p>Los sistemas \u2018opt-out\u2019 que indicamos en la tabla anterior con cada una de las cookies: El uso de estos sistemas puede conllevar que se instale en su ordenador una cookie \u2018de rechazo\u2019 para que funcione su petici\u00f3n de desactivaci\u00f3n.<\/p>\n<p>Otras herramientas de terceros disponibles en otros sitios web: estas permiten a los usuarios detectar las cookies de cada sitio web que visita y gestionar su desactivaci\u00f3n (por ejemplo, Ghostery:<\/p>\n<p><a href=\"https:\/\/www.ghostery.com\/about-ghostery\/privacy-statements\">https:\/\/www.ghostery.com\/about-ghostery\/privacy-statements<\/a>,<a href=\"http:\/\/www.ghostery.com\/faq\">http:\/\/www.ghostery.com\/faq<\/a>).<\/p>\n<p>Si tiene <b>dudas sobre esta pol\u00edtica de cookies<\/b>, puede contactar con HOTEL IRIS en info@hoteliris.com.<\/p>\n","protected":false},"excerpt":{"rendered":"<p>Pol\u00edtica de Cookies Una cookie es un fichero que se descarga en su ordenador al acceder a determinadas p\u00e1ginas web. Las cookies permiten a una p\u00e1gina web, entre otras cosas, almacenar y recuperar informaci\u00f3n sobre los h\u00e1bitos de navegaci\u00f3n de un usuario o de su equipo y, dependiendo de la informaci\u00f3n que contengan y de &#8230; <a title=\"Pol\u00edtica de Cookies\" class=\"read-more\" href=\"https:\/\/www.hoteliris.com\/fr\/politica-de-cookies\/\" aria-label=\"More on Pol\u00edtica de Cookies\">Lire plus<\/a><\/p>\n","protected":false},"author":1,"featured_media":0,"parent":0,"menu_order":0,"comment_status":"closed","ping_status":"closed","template":"","meta":[],"_links":{"self":[{"href":"https:\/\/www.hoteliris.com\/fr\/wp-json\/wp\/v2\/pages\/1643"}],"collection":[{"href":"https:\/\/www.hoteliris.com\/fr\/wp-json\/wp\/v2\/pages"}],"about":[{"href":"https:\/\/www.hoteliris.com\/fr\/wp-json\/wp\/v2\/types\/page"}],"author":[{"embeddable":true,"href":"https:\/\/www.hoteliris.com\/fr\/wp-json\/wp\/v2\/users\/1"}],"replies":[{"embeddable":true,"href":"https:\/\/www.hoteliris.com\/fr\/wp-json\/wp\/v2\/comments?post=1643"}],"version-history":[{"count":1,"href":"https:\/\/www.hoteliris.com\/fr\/wp-json\/wp\/v2\/pages\/1643\/revisions"}],"predecessor-version":[{"id":1644,"href":"https:\/\/www.hoteliris.com\/fr\/wp-json\/wp\/v2\/pages\/1643\/revisions\/1644"}],"wp:attachment":[{"href":"https:\/\/www.hoteliris.com\/fr\/wp-json\/wp\/v2\/media?parent=1643"}],"curies":[{"name":"wp","href":"https:\/\/api.w.org\/{rel}","templated":true}]}}