{"id":1638,"date":"2020-11-01T11:32:03","date_gmt":"2020-11-01T11:32:03","guid":{"rendered":"https:\/\/www.hoteliris.com\/politica-de-privacidad\/"},"modified":"2020-12-23T14:31:51","modified_gmt":"2020-12-23T14:31:51","slug":"politica-de-privacidad","status":"publish","type":"page","link":"https:\/\/www.hoteliris.com\/fr\/politica-de-privacidad\/","title":{"rendered":"Pol\u00edtica de privacidad"},"content":{"rendered":"<p class=\"entry-title tit7\">Aviso legal y Pol\u00edtica de Privacidad<\/p>\n<p class=\"tit8\">1. Informaci\u00f3n General.<\/p>\n<p>Datos generales y de contacto: Jordi Gascon Segundo, en adelante HOTEL IRIS, con domicilio en Av. Sant Esteve 92, 08402 Granollers, Barcelona. NIF: 77297175V.<br \/>\nEmail: info@hoteliris.com<br \/>\nTel\u00e9fono:+34 938 79 29 29<\/p>\n<p class=\"tit8\">2. Privacidad y Protecci\u00f3n de Datos.<\/p>\n<p>De acuerdo con el Reglamento General de Protecci\u00f3n de Datos publicado el 25 de mayo 2016 (RGPD ), y al Reglamento RD-1720\/2007, HOTEL IRIS le informa que:<\/p>\n<p><strong>\u00bfQui\u00e9n es el Responsable del tratamiento de sus datos?<\/strong><\/p>\n<p>Datos de Contacto del Responsable:<br \/>\nNombre: HOTEL IRIS<br \/>\nDomicilio: Av. Sant Esteve 92, 08402 Granollers, Barcelona.<br \/>\nTel\u00e9fono: +34 938 79 29 29<br \/>\nCorreo electr\u00f3nico: info@hoteliris.com<\/p>\n<p><strong>\u00bfCon qu\u00e9 finalidad tratamos sus datos personales?<\/strong><\/p>\n<p>Tratamos la informaci\u00f3n que nos facilitan con el fin de gestionar el env\u00edo de la informaci\u00f3n que nos soliciten y\/o facilitar a los interesados y promociones de servicios de su inter\u00e9s relacionadas con nuestra actividad.<\/p>\n<p>Los datos se conservar\u00e1n hasta que el interesado solicite su supresi\u00f3n, pudiendo solicitarlo en cualquier momento dirigiendose por correo electr\u00f3nico o correo postal al Responsable del Tratamiento. El alta del tratamiento contar\u00e1 tambi\u00e9n con la aprobaci\u00f3n expresa del usuario.<\/p>\n<p><strong>\u00bfCu\u00e1l es la legitimaci\u00f3n para el tratamiento de sus datos?<\/strong><\/p>\n<p>En cumplimiento del Reglamento General de Protecci\u00f3n de Datos publicado el 25 de mayo 2016, y al propio RGPD de aplicaci\u00f3n en Mayo del 2018.<\/p>\n<p>EL CONSENTIMIENTO VOLUNTARIO, EXPRESO, I PREVIAMENTE INFORMADO del Interesado, otorga a HOTEL IRIS el tratamiento de sus datos personales. El interesado puede retirar el consentimiento en cualquier momento.<\/p>\n<p>Este consentimiento expreso se obtendr\u00e1 de manera que el interesado deber\u00e1 validar la casilla de consentimiento de la Politica de Privacidad de HOTEL IRIS, en los formularios de contacto de esta p\u00e1gina web, y en algunos casos validar un mecanismo automatizado Opt-in que se enviar\u00e1 por correo electr\u00f3nico para obtener la validaci\u00f3n expresa del usuario al correo electr\u00f3nico al que fue registrado.<\/p>\n<p>HOTEL IRIS se compromete al cumplimiento de su obligaci\u00f3n de secreto de los datos de car\u00e1cter personal que recabe y de su deber de guardarlos as\u00ed como a adoptar las medidas necesarias para evitar su alteraci\u00f3n, p\u00e9rdida, tratamiento o acceso no autorizado.<\/p>\n<p>HOTEL IRIS tiene la obligaci\u00f3n de facilitar los datos personales solamente al interesado de los mismos, en cualquier momento. En caso de no hacerlo el interesado puede formular su queja a HOTEL IRIS, y\/o a la Agencia Espa\u00f1ola de Protecci\u00f3n de Datos.<\/p>\n<p>HOTEL IRIS tiene la obligaci\u00f3n de facilitar los datos personales cuando por Obligaci\u00f3n legal as\u00ed le sea requerido por la autoridad legal competente.<\/p>\n<p><strong>\u00bfA qu\u00e9 destinatarios se comunicar\u00e1n sus datos?<\/strong><\/p>\n<p>HOTEL IRIS no cede los datos a terceros<\/p>\n<p>HOTEL IRIS. tiene la obligaci\u00f3n de facilitar los datos personales cuando por Obligaci\u00f3n legal as\u00ed le sea requerido por la Autoridad legal competente.<\/p>\n<p>Con el consentimiento expreso del interesado, HOTEL IRIS. , utiliza al servicio de Email Marketing de AWeber Systems Inc. , el cual est\u00e1 al amparo del acuerdo EU-US Privacy Shield. \u2013 Informaci\u00f3n disponible en https:\/\/www.aweber.com\/privacy.htm<br \/>\nLa \u00fanica finalidad de esta transferencia es la gesti\u00f3n de los datos para el env\u00edo de informaci\u00f3n puntual al interesado, relacionada con los servicios de HOTEL IRIS.<\/p>\n<p><strong>\u00bfCu\u00e1les son sus derechos cuando nos facilita sus datos?<\/strong><\/p>\n<p>El interesado puede ejercer sus derechos de acceso, rectificaci\u00f3n, cancelaci\u00f3n y oposici\u00f3n sobre el Tratamiento de sus datos a:<br \/>\nNombre: HOTEL IRIS<br \/>\nDomicilio: Av. Sant Esteve 92, 08402 Granollers, Barcelona.<br \/>\nTel\u00e9fono: +34 938 79 29 29<br \/>\nCorreo electr\u00f3nico: info@hoteliris.com<\/p>\n<p>Cualquier persona tiene derecho a obtener confirmaci\u00f3n sobre si en HOTEL IRIS. estamos tratando datos personales que les conciernan, o no.<\/p>\n<p>En determinadas circunstancias y por motivos relacionados con su situaci\u00f3n particular, los interesados podr\u00e1n oponerse al tratamiento de sus datos. HOTEL IRIS dejar\u00e1 de tratar los datos, salvo por motivos leg\u00edtimos imperiosos, o el ejercicio o la defensa de posibles reclamaciones.<\/p>\n<p>Si el interesado cree que hay un problema con la forma en que est\u00e1n manejando sus datos tiene el derecho de dirigir sus reclamaciones a la Agencia Espa\u00f1ola de Protecci\u00f3n de Datos.<\/p>\n<p>HOTEL IRIS no admite datos personales de personas que sean menores de edad. HOTEL IRIS se exime de cualquier responsabilidad sobre un interesado menor de edad que haya enviado datos personales a HOTEL IRIS.<\/p>\n<p>Toda la informaci\u00f3n que Vd. nos facilite deber\u00e1 ser veraz. A estos efectos Vd. nos garantiza la autenticidad de todos aquellos datos que comunique. En todo caso ser\u00e1 Vd. el \u00fanico responsable de todas las manifestaciones falsas o inexactas que realice y de los perjuicios que pueda causar a HOTEL IRIS o terceros por la informaci\u00f3n que facilite.<\/p>\n<p class=\"tit8\">3. Propiedad Intelectual e Industrial.<\/p>\n<p>Todos los contenidos de la p\u00e1gina Web, entendiendo por estos a t\u00edtulo meramente enunciativo los textos, fotograf\u00edas, gr\u00e1ficos, im\u00e1genes, iconos, tecnolog\u00eda, software, links y dem\u00e1s contenidos audiovisuales o sonoros, as\u00ed como su dise\u00f1o gr\u00e1fico y c\u00f3digos fuente, son propiedad intelectual de HOTEL IRIS o de terceros, sin que puedan entenderse cedidos ninguno de los derechos de explotaci\u00f3n sobre los mismos m\u00e1s all\u00e1 de lo estrictamente necesario para el correcto uso de la p\u00e1gina Web.<\/p>\n<p>Las marcas, nombres comerciales o signos distintivos son titularidad de HOTEL IRIS sin que pueda entenderse que el acceso a la p\u00e1gina Web atribuya ning\u00fan derecho sobre las citadas marcas, nombres comerciales y\/o signos distintivos.<\/p>\n","protected":false},"excerpt":{"rendered":"<p>Aviso legal y Pol\u00edtica de Privacidad 1. Informaci\u00f3n General. Datos generales y de contacto: Jordi Gascon Segundo, en adelante HOTEL IRIS, con domicilio en Av. Sant Esteve 92, 08402 Granollers, Barcelona. NIF: 77297175V. Email: info@hoteliris.com Tel\u00e9fono:+34 938 79 29 29 2. Privacidad y Protecci\u00f3n de Datos. De acuerdo con el Reglamento General de Protecci\u00f3n de &#8230; <a title=\"Pol\u00edtica de privacidad\" class=\"read-more\" href=\"https:\/\/www.hoteliris.com\/fr\/politica-de-privacidad\/\" aria-label=\"More on Pol\u00edtica de privacidad\">Lire plus<\/a><\/p>\n","protected":false},"author":1,"featured_media":0,"parent":0,"menu_order":0,"comment_status":"closed","ping_status":"closed","template":"","meta":[],"_links":{"self":[{"href":"https:\/\/www.hoteliris.com\/fr\/wp-json\/wp\/v2\/pages\/1638"}],"collection":[{"href":"https:\/\/www.hoteliris.com\/fr\/wp-json\/wp\/v2\/pages"}],"about":[{"href":"https:\/\/www.hoteliris.com\/fr\/wp-json\/wp\/v2\/types\/page"}],"author":[{"embeddable":true,"href":"https:\/\/www.hoteliris.com\/fr\/wp-json\/wp\/v2\/users\/1"}],"replies":[{"embeddable":true,"href":"https:\/\/www.hoteliris.com\/fr\/wp-json\/wp\/v2\/comments?post=1638"}],"version-history":[{"count":1,"href":"https:\/\/www.hoteliris.com\/fr\/wp-json\/wp\/v2\/pages\/1638\/revisions"}],"predecessor-version":[{"id":1641,"href":"https:\/\/www.hoteliris.com\/fr\/wp-json\/wp\/v2\/pages\/1638\/revisions\/1641"}],"wp:attachment":[{"href":"https:\/\/www.hoteliris.com\/fr\/wp-json\/wp\/v2\/media?parent=1638"}],"curies":[{"name":"wp","href":"https:\/\/api.w.org\/{rel}","templated":true}]}}