{"id":1759,"date":"2020-11-09T16:57:03","date_gmt":"2020-11-09T16:57:03","guid":{"rendered":"https:\/\/www.hoteliris.com\/inicio\/"},"modified":"2020-12-30T09:50:16","modified_gmt":"2020-12-30T09:50:16","slug":"inicio","status":"publish","type":"page","link":"https:\/\/www.hoteliris.com\/ca\/","title":{"rendered":"Inicio"},"content":{"rendered":"<h1 class=\"tit1 tit2\">Hotel al centre de Granollers<\/h1>\n<p class=\"mbi\"><img loading=\"lazy\" class=\"aligncenter wp-image-462\" src=\"https:\/\/www.hoteliris.com\/wp-content\/uploads\/2020\/12\/HOTEL-IRIS-icon-2.png\" alt=\"HOTEL IRIS Granolleres\" width=\"98\" height=\"36\" \/><\/p>\n<p><strong><span class=\"hi\">HOTEL IRIS<\/span> al centre de Granollers<\/strong>, posem a la teva disposici\u00f3 totes les comoditats d&#8217;un hotel de <strong>3 estrelles<\/strong>, modern, familiar, i amb veritable vocaci\u00f3 de servei. Gaudeix de <strong>la millor ubicaci\u00f3<\/strong>: al costat de el centre comercial de vianants de la ciutat, a 150mts de l&#8217;Estaci\u00f3 de tren Granollers Centre, i les principals vies de comunicaci\u00f3 cap a Barcelona, l&#8217;interior de Catalunya, la costa catalana i Girona.<\/p>\n<p class=\"tit1 tit12\">Bienvenido al <span class=\"hi\">HOTEL IRIS<\/span>, <br \/><strong>per sentir-se com a casa<\/strong>.<\/p>\n\n\n\n\n<div class=\"rowfr rowfr2\">\n<div class=\"fr3\">\n<div class=\"box7 bkg4\">\n<p class=\"tit11\">Esmorzar Buffet<\/p>\n<p>D&#8217;elaboraci\u00f3 pr\u00f2pia i amb productes de proximitat<\/p>\n<\/div>\n<div class=\"boximg\"><img loading=\"lazy\" class=\"aligncenter size-full wp-image-637\" src=\"https:\/\/www.hoteliris.com\/wp-content\/uploads\/2020\/12\/Hotel-IRIS-en-Granollers-Barcelona-recepcion.jpg\" alt=\"Hotel IRIS en Granollers Barcelona recepci\u00f3n\" width=\"100%\" height=\"500\" srcset=\"https:\/\/www.hoteliris.com\/wp-content\/uploads\/2020\/12\/Hotel-IRIS-en-Granollers-Barcelona-recepcion.jpg 667w, https:\/\/www.hoteliris.com\/wp-content\/uploads\/2020\/12\/Hotel-IRIS-en-Granollers-Barcelona-recepcion-300x300.jpg 300w, https:\/\/www.hoteliris.com\/wp-content\/uploads\/2020\/12\/Hotel-IRIS-en-Granollers-Barcelona-recepcion-150x150.jpg 150w\" sizes=\"(max-width: 667px) 100vw, 667px\" \/><\/div>\n<div class=\"box8\">\n<p class=\"tit11\">A la teva disposici\u00f3 les 24h.<\/p>\n<\/div>\n<\/div>\n<div class=\"fr4\">\n<div class=\"rowfr\">\n<div class=\"boximg\"><img loading=\"lazy\" class=\"aligncenter size-full wp-image-611\" src=\"https:\/\/www.hoteliris.com\/wp-content\/uploads\/2020\/12\/Hotel-IRIS-Barcelona-Desayuno-Buffet.jpg\" alt=\"Hotel IRIS Barcelona Desayuno Buffet\" width=\"100%\" height=\"500\" srcset=\"https:\/\/www.hoteliris.com\/wp-content\/uploads\/2020\/12\/Hotel-IRIS-Barcelona-Desayuno-Buffet.jpg 750w, https:\/\/www.hoteliris.com\/wp-content\/uploads\/2020\/12\/Hotel-IRIS-Barcelona-Desayuno-Buffet-300x300.jpg 300w, https:\/\/www.hoteliris.com\/wp-content\/uploads\/2020\/12\/Hotel-IRIS-Barcelona-Desayuno-Buffet-150x150.jpg 150w\" sizes=\"(max-width: 750px) 100vw, 750px\" \/><\/div>\n<div class=\"rowfr2\">\n<div class=\"fr5 boximg3\">\u00a0<\/div>\n<div class=\"fr6\">\n<div class=\"box9 bkg5\">\n<p class=\"tit11\">Aparcament al mateix hotel<\/p>\n<\/div>\n<\/div>\n<\/div>\n<\/div>\n<\/div>\n<\/div>\n\n\n<div class=\"boximg\"><img loading=\"lazy\" class=\"aligncenter size-full wp-image-637\" src=\"https:\/\/www.hoteliris.com\/wp-content\/uploads\/2020\/12\/Hotel-IRIS-en-Granollers-Barcelona-recepcion.jpg\" alt=\"Hotel IRIS en Granollers Barcelona recepci\u00f3n\" width=\"100%\" height=\"500\" srcset=\"https:\/\/www.hoteliris.com\/wp-content\/uploads\/2020\/12\/Hotel-IRIS-en-Granollers-Barcelona-recepcion.jpg 667w, https:\/\/www.hoteliris.com\/wp-content\/uploads\/2020\/12\/Hotel-IRIS-en-Granollers-Barcelona-recepcion-300x300.jpg 300w, https:\/\/www.hoteliris.com\/wp-content\/uploads\/2020\/12\/Hotel-IRIS-en-Granollers-Barcelona-recepcion-150x150.jpg 150w\" sizes=\"(max-width: 667px) 100vw, 667px\" \/><\/div>\n<div class=\"box8\">\n<p class=\"tit11\">A la teva disposici\u00f3 les 24h.<\/p>\n<\/div>\n<div class=\"boximg\"><img loading=\"lazy\" class=\"aligncenter size-full wp-image-611\" src=\"https:\/\/www.hoteliris.com\/wp-content\/uploads\/2020\/12\/Hotel-IRIS-Barcelona-Desayuno-Buffet.jpg\" alt=\"Hotel IRIS Barcelona Desayuno Buffet\" width=\"100%\" height=\"500\" srcset=\"https:\/\/www.hoteliris.com\/wp-content\/uploads\/2020\/12\/Hotel-IRIS-Barcelona-Desayuno-Buffet.jpg 750w, https:\/\/www.hoteliris.com\/wp-content\/uploads\/2020\/12\/Hotel-IRIS-Barcelona-Desayuno-Buffet-300x300.jpg 300w, https:\/\/www.hoteliris.com\/wp-content\/uploads\/2020\/12\/Hotel-IRIS-Barcelona-Desayuno-Buffet-150x150.jpg 150w\" sizes=\"(max-width: 750px) 100vw, 750px\" \/><\/div>\n<div class=\"box7 bkg4\">\n<p class=\"tit11\">Esmorzar Buffet<\/p>\n<p>D&#8217;elaboraci\u00f3 pr\u00f2pia i amb productes de proximitat<\/p>\n<\/div>\n<div class=\"boximg\"><img loading=\"lazy\" class=\"aligncenter size-full wp-image-612\" src=\"https:\/\/www.hoteliris.com\/wp-content\/uploads\/2020\/12\/Hotel-IRIS-Barcelona-parking.jpg\" alt=\"Hotel IRIS Barcelona parking\" width=\"100%\" height=\"662\" srcset=\"https:\/\/www.hoteliris.com\/wp-content\/uploads\/2020\/12\/Hotel-IRIS-Barcelona-parking.jpg 662w, https:\/\/www.hoteliris.com\/wp-content\/uploads\/2020\/12\/Hotel-IRIS-Barcelona-parking-300x300.jpg 300w, https:\/\/www.hoteliris.com\/wp-content\/uploads\/2020\/12\/Hotel-IRIS-Barcelona-parking-150x150.jpg 150w\" sizes=\"(max-width: 662px) 100vw, 662px\" \/><\/div>\n<div class=\"box9 bkg5\">\n<p class=\"tit11\"> Aparcament al mateix hotel<\/p>\n<\/div>\n\n\n\n\n\n<h2 class=\"tit1 tit2\">Hotel de 3 estrelles a Granollers<\/h2>\n<p class=\"mbi\"><img loading=\"lazy\" class=\"aligncenter wp-image-462\" src=\"https:\/\/www.hoteliris.com\/wp-content\/uploads\/2020\/12\/HOTEL-IRIS-icon-2.png\" alt=\"HOTEL IRIS Barcelona icon\" width=\"98\" height=\"36\" \/><\/p>\n<p class=\"tit1\">Amb els serveis m\u00e9s confortables per a la seva estada i sempre amb la <strong>recepci\u00f3 a la seva disposici\u00f3 les 24 hores<\/strong>.<\/p>\n<ul class=\"lisc\">\n<li><img loading=\"lazy\" class=\"aligncenter wp-image-538\" src=\"https:\/\/www.hoteliris.com\/wp-content\/uploads\/2020\/12\/Hotel-IRIS-Parking.png\" alt=\"Hotel IRIS Parking\" width=\"58\" height=\"70\" \/><br \/>Parking<\/li>\n<li><img loading=\"lazy\" class=\"aligncenter wp-image-537\" src=\"https:\/\/www.hoteliris.com\/wp-content\/uploads\/2020\/12\/Hotel-IRIS-Desayuno-Buffet.png\" alt=\"Hotel IRIS Desayuno Buffet\" width=\"83\" height=\"70\" \/><br \/>Esmorzar Buffet<\/li>\n<li><img loading=\"lazy\" class=\"aligncenter wp-image-539\" src=\"https:\/\/www.hoteliris.com\/wp-content\/uploads\/2020\/12\/Hotel-IRIS-Recepcion-24-horas.png\" alt=\"Hotel IRIS Recepci\u00f3n 24 horas\" width=\"63\" height=\"70\" \/><br \/>Recepci\u00f3 24 hores<\/li>\n<li><img loading=\"lazy\" class=\"aligncenter wp-image-541\" src=\"https:\/\/www.hoteliris.com\/wp-content\/uploads\/2020\/12\/Hotel-IRIS-WIFI-gratuito.png\" alt=\"Hotel IRIS WIFI gratuito\" width=\"83\" height=\"70\" \/><br \/>WIFI gratu\u00eft<\/li>\n<li><img loading=\"lazy\" class=\"aligncenter wp-image-536\" src=\"https:\/\/www.hoteliris.com\/wp-content\/uploads\/2020\/12\/Hotel-IRIS-cafeteria.png\" alt=\"Hotel IRIS cafeter\u00eda\" width=\"63\" height=\"70\" \/><br \/> Cafeteria<\/li>\n<li><img loading=\"lazy\" class=\"aligncenter wp-image-540\" src=\"https:\/\/www.hoteliris.com\/wp-content\/uploads\/2020\/12\/Hotel-IRIS-servicio-de-lavanderia.png\" alt=\"Hotel IRIS servicio de lavander\u00eda\" width=\"60\" height=\"70\" \/><br \/>Servei de bugaderia<\/li>\n<\/ul>\n<p class=\"tit1 tit3\"><a class=\"button1\" title=\"Reservar hotel iris Granollers\" href=\"https:\/\/www.faciltef.com\/acinet2\/ShoppingCenter\/Search?gateway=02lMDQYrcSpQBtUpz4gyyVYcIfbuzWJf&#038;lang=CA\" target=\"_blank\" rel=\"noopener noreferrer\">Reserva Ara<\/a><\/p>\n\n<h2 class=\"tit1 tit5\">Habitacions HOTEL IRIS<\/h2>\n<p><img loading=\"lazy\" class=\"mbi aligncenter wp-image-1760\" src=\"https:\/\/www.hoteliris.com\/wp-content\/uploads\/2020\/12\/HOTEL-IRIS-Barcelona-icon-4.png\" alt=\"HOTEL IRIS Barcelona icon\" width=\"98\" height=\"36\" \/><\/p>\n<p class=\"tit13\">El <span class=\"hi\">HOTEL IRIS<\/span> disposa de 53 habitacions insonoritzades i equipades amb amplis escriptoris, acc\u00e9s gratu\u00eft a internet d&#8217;alta velocitat, i totes les comoditats necess\u00e0ries per a una estada plenament satisfact\u00f2ria.<\/p>\n<p class=\"tit13\">Amb <strong>habitacions dobles<\/strong>, <strong>habitacions de matrimoni<\/strong>, i <strong>habitacions individuals<\/strong>, en Hotel Iris trobar\u00e0s l&#8217;habitaci\u00f3 que s&#8217;adapta a les teves necessitats, amb totes les comoditats, i sempre amb la <strong>recepci\u00f3 a la teva disposici\u00f3 les 24h<\/strong>.<\/p>\n\n<div class=\"wp-block-columns\">\n<div class=\"wp-block-column tit1\">\n<div class=\"btmd\"><img loading=\"lazy\" class=\"aligncenter size-full wp-image-144\" src=\"https:\/\/www.hoteliris.com\/wp-content\/uploads\/2020\/11\/Hotel-IRIS-Barcelona-Granollers-habitacion-doble-1.jpg\" alt=\"Hotel IRIS Barcelona Granollers habitaci\u00f3n doble\" width=\"1200\" height=\"835\" srcset=\"https:\/\/www.hoteliris.com\/wp-content\/uploads\/2020\/11\/Hotel-IRIS-Barcelona-Granollers-habitacion-doble-1.jpg 1200w, https:\/\/www.hoteliris.com\/wp-content\/uploads\/2020\/11\/Hotel-IRIS-Barcelona-Granollers-habitacion-doble-1-300x209.jpg 300w, https:\/\/www.hoteliris.com\/wp-content\/uploads\/2020\/11\/Hotel-IRIS-Barcelona-Granollers-habitacion-doble-1-1024x713.jpg 1024w, https:\/\/www.hoteliris.com\/wp-content\/uploads\/2020\/11\/Hotel-IRIS-Barcelona-Granollers-habitacion-doble-1-768x534.jpg 768w\" sizes=\"(max-width: 1200px) 100vw, 1200px\" \/><\/div>\n<div class=\"ovlpd\">\n<p class=\"tit3\"><a class=\"button1\" title=\"Habitaci\u00f3n Doble\" href=\"https:\/\/www.faciltef.com\/acinet2\/ShoppingCenter\/Search?gateway=02lMDQYrcSpQBtUpz4gyyVYcIfbuzWJf&#038;lang=CA&#038;room_filter_id=1165\" target=\"_blank\" rel=\"noopener noreferrer\">Reserva Ara<\/a><\/p>\n<\/div>\n<h3 class=\"tit10\">HABITACI\u00d3 DOBLE<\/h3>\n<!--<p>Amplias habitaciones dobles con 2 camas juntas, escritorio y ...<\/p>-->\n<div class=\"box6\">\u00a0<\/div>\n<\/div>\n\n\n\n<div class=\"wp-block-column tit1\">\n<div class=\"btmd\"><img loading=\"lazy\" class=\"aligncenter size-full wp-image-151\" src=\"https:\/\/www.hoteliris.com\/wp-content\/uploads\/2020\/11\/Hotel-IRIS-Barcelona-Granollers-habitacion-matrimonio-1.jpg\" alt=\"Hotel IRIS Barcelona Granollers habitaci\u00f3n matrimonio\" width=\"1200\" height=\"835\" srcset=\"https:\/\/www.hoteliris.com\/wp-content\/uploads\/2020\/11\/Hotel-IRIS-Barcelona-Granollers-habitacion-matrimonio-1.jpg 1200w, https:\/\/www.hoteliris.com\/wp-content\/uploads\/2020\/11\/Hotel-IRIS-Barcelona-Granollers-habitacion-matrimonio-1-300x209.jpg 300w, https:\/\/www.hoteliris.com\/wp-content\/uploads\/2020\/11\/Hotel-IRIS-Barcelona-Granollers-habitacion-matrimonio-1-1024x713.jpg 1024w, https:\/\/www.hoteliris.com\/wp-content\/uploads\/2020\/11\/Hotel-IRIS-Barcelona-Granollers-habitacion-matrimonio-1-768x534.jpg 768w\" sizes=\"(max-width: 1200px) 100vw, 1200px\" \/><\/div>\n<div class=\"ovlpd\">\n<p class=\"tit3\"><a class=\"button1\" title=\"Habitaci\u00f3n Matrimonio\" href=\"https:\/\/www.faciltef.com\/acinet2\/ShoppingCenter\/Search?gateway=02lMDQYrcSpQBtUpz4gyyVYcIfbuzWJf&#038;lang=CA&#038;room_filter_id=1166\" target=\"_blank\" rel=\"noopener noreferrer\">Reserva Ara<\/a><\/p>\n<\/div>\n<h3 class=\"tit10\">HABITACI\u00d3 MATRIMONI<\/h3>\n<!--<p>Un espacio m\u00e1s amplio, ideal para una estancia en pareja con todas las comodidades ...<\/p>-->\n<div class=\"box6\">\u00a0<\/div>\n<\/div>\n\n\n\n<div class=\"wp-block-column tit1\">\n<div class=\"btmd\"><img loading=\"lazy\" class=\"aligncenter size-full wp-image-148\" src=\"https:\/\/www.hoteliris.com\/wp-content\/uploads\/2020\/11\/Hotel-IRIS-Barcelona-Granollers-habitacion-individual-1.jpg\" alt=\"Hotel IRIS Barcelona Granollers habitaci\u00f3n individual\" width=\"1200\" height=\"835\" srcset=\"https:\/\/www.hoteliris.com\/wp-content\/uploads\/2020\/11\/Hotel-IRIS-Barcelona-Granollers-habitacion-individual-1.jpg 1200w, https:\/\/www.hoteliris.com\/wp-content\/uploads\/2020\/11\/Hotel-IRIS-Barcelona-Granollers-habitacion-individual-1-300x209.jpg 300w, https:\/\/www.hoteliris.com\/wp-content\/uploads\/2020\/11\/Hotel-IRIS-Barcelona-Granollers-habitacion-individual-1-1024x713.jpg 1024w, https:\/\/www.hoteliris.com\/wp-content\/uploads\/2020\/11\/Hotel-IRIS-Barcelona-Granollers-habitacion-individual-1-768x534.jpg 768w\" sizes=\"(max-width: 1200px) 100vw, 1200px\" \/><\/div>\n<div class=\"ovlpd\">\n<p class=\"tit3\"><a class=\"button1\" title=\"Habitaci\u00f3n Individual\" href=\"https:\/\/www.faciltef.com\/acinet2\/ShoppingCenter\/Search?gateway=02lMDQYrcSpQBtUpz4gyyVYcIfbuzWJf&#038;lang=CA&#038;room_filter_id=1167\" target=\"_blank\" rel=\"noopener noreferrer\">Reserva Ara<\/a><\/p>\n<\/div>\n<h3 class=\"tit10\">HABITACI\u00d3 INDIVIDUAL<\/h3>\n<!--<p>Ideal si viajas por negocios, con todas las comodidades a tu alcance ...<\/p>-->\n<div class=\"box6\">\u00a0<\/div>\n<\/div>\n<\/div>\n\n\n<p class=\"tit1 tit12\">El <span class=\"hi\">HOTEL IRIS<\/span> est\u00e0 en un lloc privilegiat,<br \/>al centre de Granollers i molt ben connectat.<\/p>\n<p class=\"mbi\"><img loading=\"lazy\" class=\"aligncenter wp-image-462\" src=\"https:\/\/www.hoteliris.com\/wp-content\/uploads\/2020\/12\/HOTEL-IRIS-icon-2.png\" alt=\"HOTEL IRIS Barcelona icon\" width=\"98\" height=\"36\" \/><\/p> \n<p class=\"tit1 tit3\"><a class=\"button1\" title=\"Reservar hotel iris Granollers\" href=\"https:\/\/www.faciltef.com\/acinet2\/ShoppingCenter\/Search?gateway=02lMDQYrcSpQBtUpz4gyyVYcIfbuzWJf&#038;lang=CA\" target=\"_blank\" rel=\"noopener noreferrer\">Reservar Ara<\/a><\/p>\n\n\n<div class=\"wp-block-columns\">\n<div class=\"wp-block-column\" style=\"flex-basis: 33.33%;\">\n<div class=\"box2\">\n<div class=\"rowfr\">\n<div class=\"fr1\"><img loading=\"lazy\" class=\"wp-image-817 alignnone\" src=\"https:\/\/www.hoteliris.com\/wp-content\/uploads\/2020\/12\/Granollers-Centro-Ciudad-Hotel-IRIS.png\" alt=\"\" width=\"58\" height=\"60\" \/><\/div>\n<div class=\"fr2\">\n<p class=\"tit9\">Centre de Granollers<\/p>\n<p>Al costat de zona comercial de vianants<\/p>\n<\/div>\n<\/div>\n<div class=\"rowfr\">\n<div class=\"fr1\"><img loading=\"lazy\" class=\"wp-image-1005 alignnone\" src=\"https:\/\/www.hoteliris.com\/wp-content\/uploads\/2020\/12\/Estacion-de-tren-Granollers-Hotel-IRIS.png\" alt=\"Estaci\u00f3n de tren Granollers Hotel IRIS\" width=\"58\" height=\"60\" \/><\/div>\n<div class=\"fr2\">\n<p class=\"tit9\">Estaci\u00f3 Granollers Centre<\/p>\n<p>A 200 m. Connexi\u00f3 Au i Aeroport el Prat<\/p>\n<\/div>\n<\/div>\n<div class=\"rowfr\">\n<div class=\"fr1\"><img loading=\"lazy\" class=\"wp-image-818 alignnone\" src=\"https:\/\/www.hoteliris.com\/wp-content\/uploads\/2020\/12\/La-Roca-Village-Hotel-IRIS.png\" alt=\"La Roca Village Hotel IRIS\" width=\"58\" height=\"60\" \/><\/div>\n<div class=\"fr2\">\n<p class=\"tit9\">La Roca Village<\/p>\n<p>A 15 minuts amb cotxe<\/p>\n<\/div>\n<\/div>\n<div class=\"rowfr\">\n<div class=\"fr1\"><img loading=\"lazy\" class=\"wp-image-815 alignnone\" src=\"https:\/\/www.hoteliris.com\/wp-content\/uploads\/2020\/12\/Circuit-Barcelona-Catalunya-Hotel-IRIS.png\" alt=\"Circuit Barcelona - Catalunya Hotel IRIS\" width=\"58\" height=\"60\" \/><\/div>\n<div class=\"fr2\">\n<p class=\"tit9\">Circuit de Barcelona &#8211; Catalunya<\/p>\n<p>A 10 minuts amb cotxe<\/p> \n<\/div>\n<\/div>\n<div class=\"rowfr\">\n<div class=\"fr1\"><img loading=\"lazy\" class=\"wp-image-905 alignnone\" src=\"https:\/\/www.hoteliris.com\/wp-content\/uploads\/2020\/12\/Ciudad-Barcelona-Hotel-IRIS.png\" alt=\"Ciudad Barcelona Hotel IRIS\" width=\"58\" height=\"60\" \/><\/div>\n<div class=\"fr2\">\n<p class=\"tit9\">Ciutat de Barcelona<\/p>\n<p>A 20 minuts amb cotxe<\/p>\n<\/div>\n<\/div>\n<div class=\"rowfr\">\n<div class=\"fr1\"><img loading=\"lazy\" class=\"wp-image-906 alignnone\" src=\"https:\/\/www.hoteliris.com\/wp-content\/uploads\/2020\/12\/Playas-del-Maresme-Hotel-IRIS-Barcelona.png\" alt=\"Playas del Maresme Hotel IRIS Barcelona\" width=\"58\" height=\"60\" \/><\/div>\n<div class=\"fr2\">\n<p class=\"tit9\">Platges de Maresme<\/p>\n<p>A 20 minuts amb cotxe<\/p>\n<\/div>\n<\/div>\n<\/div>\n<\/div>\n\n\n\n<div class=\"wp-block-column\" style=\"flex-basis: 66.66%;\"><iframe style=\"border: 0;\" tabindex=\"0\" src=\"https:\/\/www.google.com\/maps\/embed?pb=!1m18!1m12!1m3!1d2983.5189598678544!2d2.28804845189987!3d41.60128827914328!2m3!1f0!2f0!3f0!3m2!1i1024!2i768!4f13.1!3m3!1m2!1s0x12a4c7c300cc5e29%3A0xcad679937542c049!2sHotel%20Iris!5e0!3m2!1ses!2ses!4v1604933919838!5m2!1ses!2ses\" width=\"2800\" height=\"630\" frameborder=\"0\" allowfullscreen=\"allowfullscreen\" aria-hidden=\"false\"><\/iframe><\/div>\n<\/div>\n\n\n","protected":false},"excerpt":{"rendered":"<p>Hotel al centre de Granollers HOTEL IRIS al centre de Granollers, posem a la teva disposici\u00f3 totes les comoditats d&#8217;un hotel de 3 estrelles, modern, familiar, i amb veritable vocaci\u00f3 de servei. Gaudeix de la millor ubicaci\u00f3: al costat de el centre comercial de vianants de la ciutat, a 150mts de l&#8217;Estaci\u00f3 de tren Granollers &#8230; <a title=\"Inicio\" class=\"read-more\" href=\"https:\/\/www.hoteliris.com\/ca\/\" aria-label=\"More on Inicio\">Read more<\/a><\/p>\n","protected":false},"author":1,"featured_media":0,"parent":0,"menu_order":0,"comment_status":"closed","ping_status":"closed","template":"","meta":[],"_links":{"self":[{"href":"https:\/\/www.hoteliris.com\/ca\/wp-json\/wp\/v2\/pages\/1759"}],"collection":[{"href":"https:\/\/www.hoteliris.com\/ca\/wp-json\/wp\/v2\/pages"}],"about":[{"href":"https:\/\/www.hoteliris.com\/ca\/wp-json\/wp\/v2\/types\/page"}],"author":[{"embeddable":true,"href":"https:\/\/www.hoteliris.com\/ca\/wp-json\/wp\/v2\/users\/1"}],"replies":[{"embeddable":true,"href":"https:\/\/www.hoteliris.com\/ca\/wp-json\/wp\/v2\/comments?post=1759"}],"version-history":[{"count":7,"href":"https:\/\/www.hoteliris.com\/ca\/wp-json\/wp\/v2\/pages\/1759\/revisions"}],"predecessor-version":[{"id":1841,"href":"https:\/\/www.hoteliris.com\/ca\/wp-json\/wp\/v2\/pages\/1759\/revisions\/1841"}],"wp:attachment":[{"href":"https:\/\/www.hoteliris.com\/ca\/wp-json\/wp\/v2\/media?parent=1759"}],"curies":[{"name":"wp","href":"https:\/\/api.w.org\/{rel}","templated":true}]}}