{"id":1729,"date":"2020-11-27T09:17:46","date_gmt":"2020-11-27T09:17:46","guid":{"rendered":"https:\/\/www.hoteliris.com\/hoteles-granollers-centro-parking\/"},"modified":"2020-12-29T15:51:10","modified_gmt":"2020-12-29T15:51:10","slug":"hoteles-granollers-centro-parking","status":"publish","type":"page","link":"https:\/\/www.hoteliris.com\/ca\/hoteles-granollers-centro-parking\/","title":{"rendered":"Servicios HOTEL IRIS en el Centro de Granollers"},"content":{"rendered":"<h1 class=\"entry-title tit1 tit2\">Serveis HOTEL IRIS Granollers<\/h1>\n<p class=\"mbi\"><img loading=\"lazy\" class=\"aligncenter wp-image-462\" src=\"https:\/\/www.hoteliris.com\/wp-content\/uploads\/2020\/12\/HOTEL-IRIS-icon-2.png\" alt=\"HOTEL IRIS Granolleres\" width=\"98\" height=\"36\" \/><\/p>\n<p class=\"tit4\"><span class=\"hi\">HOTEL IRIS<\/span>  HOTEL IRIS va n\u00e9ixer l&#8217;any 1980 com un petit hostal familiar, i ha anat creixent fins a convertir-se, a dia d&#8217;avui, en un modern <strong>Hotel de 3 estrelles al centre de Granollers<\/strong>.<\/p>\n\n<p>Amb un <strong>tracte personal<\/strong> que ens distingeix i una gran vocaci\u00f3 per la nostra feina, posem a la teva disposici\u00f3 <strong>habitacions dobles<\/strong>, de <strong>matrimoni<\/strong>, i <strong>individuals<\/strong>, en un total de 53 habitacions. En aquests espais polivalents, tant si viatges per negocis, com per plaer, en fam\u00edlia, en parella, o de manera individual, trobar\u00e0s sempre les comoditats que necessites.<\/p>\n\n<div class=\"boximg2\">\n<div class=\"boximg2b\"><img loading=\"lazy\" class=\"aligncenter wp-image-1545\" src=\"https:\/\/www.hoteliris.com\/wp-content\/uploads\/2020\/12\/Hotel-IRIS-Barcelona-Granollers-Desayuno-Buffet.jpg\" alt=\"Hotel IRIS Barcelona Granollers Desayuno Buffet\" width=\"649\" height=\"430\" srcset=\"https:\/\/www.hoteliris.com\/wp-content\/uploads\/2020\/12\/Hotel-IRIS-Barcelona-Granollers-Desayuno-Buffet.jpg 808w, https:\/\/www.hoteliris.com\/wp-content\/uploads\/2020\/12\/Hotel-IRIS-Barcelona-Granollers-Desayuno-Buffet-300x199.jpg 300w, https:\/\/www.hoteliris.com\/wp-content\/uploads\/2020\/12\/Hotel-IRIS-Barcelona-Granollers-Desayuno-Buffet-768x509.jpg 768w\" sizes=\"(max-width: 649px) 100vw, 649px\" \/><\/div>\n<div class=\"box13c bkg4\">\n<p><img loading=\"lazy\" class=\"aligncenter wp-image-1351\" src=\"https:\/\/www.hoteliris.com\/wp-content\/uploads\/2020\/12\/Hotel-IRIS-Desayuno-Buffet-2.png\" alt=\"Hotel IRIS Desayuno Buffet\" width=\"84\" height=\"70\" \/><\/p>\n<p class=\"tit11\">Esmorzar bufet<\/p>\n<p>Comen\u00e7a el dia amb un ampli i variat buffet lliure de productes frescos, brioixeria acabada de fer, embotits de la zona &#8230; el nostre &#8220;Pa amb tom\u00e0quet&#8221;, i el caf\u00e8 acabat de fer.<\/p>\n<\/div>\n<\/div>\n<div class=\"boximg1\">\n<div class=\"boximg1b\"><img loading=\"lazy\" class=\"wp-image-1398 alignnone\" src=\"https:\/\/www.hoteliris.com\/wp-content\/uploads\/2020\/12\/HOTEL-IRIS-Granollers-parking-subterraneo.jpg\" alt=\"HOTEL IRIS Granollers parking subterraneo\" width=\"650\" height=\"430\" srcset=\"https:\/\/www.hoteliris.com\/wp-content\/uploads\/2020\/12\/HOTEL-IRIS-Granollers-parking-subterraneo.jpg 1000w, https:\/\/www.hoteliris.com\/wp-content\/uploads\/2020\/12\/HOTEL-IRIS-Granollers-parking-subterraneo-300x199.jpg 300w, https:\/\/www.hoteliris.com\/wp-content\/uploads\/2020\/12\/HOTEL-IRIS-Granollers-parking-subterraneo-768x508.jpg 768w\" sizes=\"(max-width: 650px) 100vw, 650px\" \/><\/div>\n<div class=\"box13b bkg5\">\n<p><img loading=\"lazy\" class=\"aligncenter wp-image-1352\" src=\"https:\/\/www.hoteliris.com\/wp-content\/uploads\/2020\/12\/Hotel-IRIS-Parking-2.png\" alt=\"Hotel IRIS Parking\" width=\"62\" height=\"70\" \/><\/p>\n<p class=\"tit11\">Aparcament a l&#8217;hotel<\/p>\n<p>Oblida&#8217;t de buscar aparcament. Aparca al nostre hotel amb total tranquil\u00b7litat. Aparcament subterrani, \u00fas exclusiu clients, amb vigil\u00e0ncia 24h.<\/p>\n<\/div>\n<\/div>\n\n<div class=\"boximg\"><img loading=\"lazy\" class=\"aligncenter wp-image-1545\" src=\"https:\/\/www.hoteliris.com\/wp-content\/uploads\/2020\/12\/Hotel-IRIS-Barcelona-Granollers-Desayuno-Buffet.jpg\" alt=\"Hotel IRIS Barcelona Granollers Desayuno Buffet\" width=\"100%\" height=\"430\" srcset=\"https:\/\/www.hoteliris.com\/wp-content\/uploads\/2020\/12\/Hotel-IRIS-Barcelona-Granollers-Desayuno-Buffet.jpg 808w, https:\/\/www.hoteliris.com\/wp-content\/uploads\/2020\/12\/Hotel-IRIS-Barcelona-Granollers-Desayuno-Buffet-300x199.jpg 300w, https:\/\/www.hoteliris.com\/wp-content\/uploads\/2020\/12\/Hotel-IRIS-Barcelona-Granollers-Desayuno-Buffet-768x509.jpg 768w\" sizes=\"(max-width: 808px) 100vw, 808px\" \/><\/div>\n<div class=\"box7 bkg4\">\n<p><img loading=\"lazy\" class=\"aligncenter wp-image-1351\" src=\"https:\/\/www.hoteliris.com\/wp-content\/uploads\/2020\/12\/Hotel-IRIS-Desayuno-Buffet-2.png\" alt=\"Hotel IRIS Desayuno Buffet\" width=\"84\" height=\"70\" \/><\/p>\n<p class=\"tit11\">Esmorzar bufet<\/p>\n<p>Comen\u00e7a el dia amb un ampli i variat buffet lliure de productes frescos, brioixeria acabada de fer, embotits de la zona &#8230; el nostre &#8220;Pa amb tom\u00e0quet&#8221;, i el caf\u00e8 acabat de fer.<\/p>\n<\/div>\n<div class=\"boximg\"><img loading=\"lazy\" class=\"wp-image-1398 alignnone\" src=\"https:\/\/www.hoteliris.com\/wp-content\/uploads\/2020\/12\/HOTEL-IRIS-Granollers-parking-subterraneo.jpg\" alt=\"HOTEL IRIS Granollers parking subterraneo\" width=\"100%\" height=\"430\" srcset=\"https:\/\/www.hoteliris.com\/wp-content\/uploads\/2020\/12\/HOTEL-IRIS-Granollers-parking-subterraneo.jpg 1000w, https:\/\/www.hoteliris.com\/wp-content\/uploads\/2020\/12\/HOTEL-IRIS-Granollers-parking-subterraneo-300x199.jpg 300w, https:\/\/www.hoteliris.com\/wp-content\/uploads\/2020\/12\/HOTEL-IRIS-Granollers-parking-subterraneo-768x508.jpg 768w\" sizes=\"(max-width: 1000px) 100vw, 1000px\" \/><\/div>\n<div class=\"box9 bkg5\">\n<p><img loading=\"lazy\" class=\"aligncenter wp-image-1352\" src=\"https:\/\/www.hoteliris.com\/wp-content\/uploads\/2020\/12\/Hotel-IRIS-Parking-2.png\" alt=\"Hotel IRIS Parking\" width=\"62\" height=\"70\" \/><\/p>\n<p class=\"tit11\">Aparcament a l&#8217;hotel<\/p>\n<p>Oblida&#8217;t de buscar aparcament. Aparca al nostre hotel amb total tranquil\u00b7litat. Aparcament subterrani, \u00fas exclusiu clients, amb vigil\u00e0ncia 24h.<\/p>\n<\/div>\n\n\n<div class=\"wp-block-columns\">\n<div class=\"wp-block-column is-vertically-aligned-center\">\n<img loading=\"lazy\" src=\"https:\/\/www.hoteliris.com\/wp-content\/uploads\/2020\/12\/Hotel-IRIS-Granollers-Barcelona-servicios.jpg\" alt=\"Hotel IRIS Granollers Barcelona servicios\" width=\"100%\" height=\"662\" class=\"aligncenter size-full wp-image-1605\" srcset=\"https:\/\/www.hoteliris.com\/wp-content\/uploads\/2020\/12\/Hotel-IRIS-Granollers-Barcelona-servicios.jpg 996w, https:\/\/www.hoteliris.com\/wp-content\/uploads\/2020\/12\/Hotel-IRIS-Granollers-Barcelona-servicios-300x199.jpg 300w, https:\/\/www.hoteliris.com\/wp-content\/uploads\/2020\/12\/Hotel-IRIS-Granollers-Barcelona-servicios-768x510.jpg 768w\" sizes=\"(max-width: 996px) 100vw, 996px\" \/>\n<\/div>\n\n\n\n<div class=\"wp-block-column box11 cl1 is-vertically-aligned-center\">\n<p><img loading=\"lazy\" class=\"aligncenter wp-image-1730\" src=\"https:\/\/www.hoteliris.com\/wp-content\/uploads\/2020\/11\/logo-HOTEL-IRIS-2.png\" alt=\"logo HOTEL IRIS\" width=\"400\" height=\"38\" srcset=\"https:\/\/www.hoteliris.com\/wp-content\/uploads\/2020\/11\/logo-HOTEL-IRIS-2.png 1204w, https:\/\/www.hoteliris.com\/wp-content\/uploads\/2020\/11\/logo-HOTEL-IRIS-2-300x28.png 300w, https:\/\/www.hoteliris.com\/wp-content\/uploads\/2020\/11\/logo-HOTEL-IRIS-2-1024x97.png 1024w, https:\/\/www.hoteliris.com\/wp-content\/uploads\/2020\/11\/logo-HOTEL-IRIS-2-768x73.png 768w\" sizes=\"(max-width: 400px) 100vw, 400px\" \/><\/p>\n<p class=\"tit1 tit4\">Amb tot el necessari <br \/>perqu\u00e8 et sentis com a casa<\/p>\n<p class=\"mbi2\"><img loading=\"lazy\" class=\"aligncenter wp-image-462\" src=\"https:\/\/www.hoteliris.com\/wp-content\/uploads\/2020\/12\/HOTEL-IRIS-icon-2.png\" alt=\"HOTEL IRIS Barcelona icon\" width=\"98\" height=\"36\" \/><\/p>\n<p class=\"tit1 tit3\"><a class=\"button1\" title=\"Reservar hotel iris Granollers\" href=\"https:\/\/www.faciltef.com\/acinet2\/ShoppingCenter\/Search?gateway=02lMDQYrcSpQBtUpz4gyyVYcIfbuzWJf&#038;lang=CA\" target=\"_blank\" rel=\"noopener noreferrer\">Reservar Ara<\/a><\/p>\n<\/div>\n<\/div>\n\n\n<p>\u00a0<\/p>\n\n<div class=\"wp-block-columns\">\n<div class=\"wp-block-column\">\n<div class=\"rowfr\">\n<div class=\"fr1\"><img loading=\"lazy\" class=\"alignnone wp-image-1353\" src=\"https:\/\/www.hoteliris.com\/wp-content\/uploads\/2020\/12\/Hotel-IRIS-Recepcion-24-horas-2.png\" alt=\"Hotel IRIS Recepci\u00f3n 24 horas\" width=\"62\" height=\"70\" \/><\/div>\n<div class=\"fr2b\">\n<p class=\"tit9 tit9b\">Recepci\u00f3 24h.<\/p>\n<\/div>\n<\/div>\n<p>La recepci\u00f3 es troba a la seva disposici\u00f3 les 24 hores.<\/p>\n<\/div>\n\n\n\n<div class=\"wp-block-column\">\n<div class=\"rowfr\">\n<div class=\"fr1\"><img loading=\"lazy\" class=\"alignnone wp-image-1356\" src=\"https:\/\/www.hoteliris.com\/wp-content\/uploads\/2020\/12\/Hotel-IRIS-WIFI-gratuito-2.png\" alt=\"Hotel IRIS WIFI gratuito\" width=\"84\" height=\"70\" \/><\/div>\n<div class=\"fr2b\">\n<p class=\"tit9 tit9b\">WIFI gratuit<\/p>\n<\/div>\n<\/div>\n<p>Amb acc\u00e9s gratu\u00eft per a tot l&#8217;hotel i tamb\u00e9 accessos per cable a alta velocitat.<\/p>\n<\/div>\n<\/div>\n\n\n\n<div class=\"wp-block-columns\">\n<div class=\"wp-block-column\">\n<div class=\"rowfr\">\n<div class=\"fr1\"><img loading=\"lazy\" class=\"alignnone wp-image-1350\" src=\"https:\/\/www.hoteliris.com\/wp-content\/uploads\/2020\/12\/Hotel-IRIS-cafeteria-2.png\" alt=\"Hotel IRIS cafeter\u00eda\" width=\"62\" height=\"70\" \/><\/div>\n<div class=\"fr2c\">\n<p class=\"tit9 tit9b\">La Cafeteria<\/p>\n<\/div>\n<\/div>\n<p>Et ve de gust un caf\u00e8, un refrigeri, un refresc? La cafeteria de l&#8217;hotel \u00e9s un lloc on poder conversar tranquil\u00b7lament, prendre uns minuts de descans, o consultar les novetats per internet.<\/p>\n<\/div>\n\n\n\n<div class=\"wp-block-column\">\n<div class=\"rowfr\">\n<div class=\"fr1\"><img loading=\"lazy\" class=\"alignnone wp-image-1355\" src=\"https:\/\/www.hoteliris.com\/wp-content\/uploads\/2020\/12\/Hotel-IRIS-servicio-de-lavanderia-2.png\" alt=\"Hotel IRIS servicio de lavander\u00eda\" width=\"62\" height=\"70\" \/><\/div>\n<div class=\"fr2b\">\n<p class=\"tit9 tit9b\">Servei de Bugaderia<\/p>\n<\/div>\n<\/div>\n<p>Assegura&#8217;t que les teves peces de roba et queden impecables amb el nostre servei de bugaderia, ideal per comen\u00e7ar el teu dia de treball sense preocupacions. Nosaltres ho fem per tu.<\/p>\n<\/div>\n<\/div>\n\n\n<div class=\"rowfr\">\n<div class=\"boximg\"><img loading=\"lazy\" class=\"aligncenter wp-image-1357\" src=\"https:\/\/www.hoteliris.com\/wp-content\/uploads\/2020\/12\/Hotel-IRIS-Granollers-Sala-de-Reuniones.jpg\" alt=\"Hotel IRIS Granollers Sala de Reuniones\" width=\"750\" height=\"471\" srcset=\"https:\/\/www.hoteliris.com\/wp-content\/uploads\/2020\/12\/Hotel-IRIS-Granollers-Sala-de-Reuniones.jpg 1200w, https:\/\/www.hoteliris.com\/wp-content\/uploads\/2020\/12\/Hotel-IRIS-Granollers-Sala-de-Reuniones-300x189.jpg 300w, https:\/\/www.hoteliris.com\/wp-content\/uploads\/2020\/12\/Hotel-IRIS-Granollers-Sala-de-Reuniones-1024x643.jpg 1024w, https:\/\/www.hoteliris.com\/wp-content\/uploads\/2020\/12\/Hotel-IRIS-Granollers-Sala-de-Reuniones-768x483.jpg 768w\" sizes=\"(max-width: 750px) 100vw, 750px\" \/><\/div>\n<div class=\"box8b\">\n<p><img loading=\"lazy\" class=\"aligncenter wp-image-1354\" src=\"https:\/\/www.hoteliris.com\/wp-content\/uploads\/2020\/12\/Hotel-IRIS-Sala-de-Reuniones.png\" alt=\"Hotel IRIS Sala de Reuniones\" width=\"108\" height=\"70\" \/><\/p>\n<p class=\"tit11\">Sala de Confer\u00e8ncies<\/p>\n<p>Sala de Reunions perfecta per organitzar cursos de formaci\u00f3, exposicions o petites reunions.<\/p>\n<\/div>\n<div class=\"box8c\">\n<ul>\n<li>60m2\u00a0<\/li>\n<li>Retroprojector <\/li>\n<li>Pissarra <\/li>\n<li>Megafonia <\/li>\n<li>Wifi i Ethernet alta velocitat<\/li>\n<\/ul>\n<\/div>\n<\/div>\n<div class=\"box8d\">\n<p class=\"tit1 tit4\">T&#8217;agradaria oferir esmorzar de benvinguda, i coffe break? <br \/>Nosaltres ens encarreguem.<\/p>\n<\/div>\n\n<div class=\"boximg\"><img loading=\"lazy\" class=\"aligncenter wp-image-1357\" src=\"https:\/\/www.hoteliris.com\/wp-content\/uploads\/2020\/12\/Hotel-IRIS-Granollers-Sala-de-Reuniones.jpg\" alt=\"Hotel IRIS Granollers Sala de Reuniones\" width=\"100%\" height=\"450\" srcset=\"https:\/\/www.hoteliris.com\/wp-content\/uploads\/2020\/12\/Hotel-IRIS-Granollers-Sala-de-Reuniones.jpg 1200w, https:\/\/www.hoteliris.com\/wp-content\/uploads\/2020\/12\/Hotel-IRIS-Granollers-Sala-de-Reuniones-300x189.jpg 300w, https:\/\/www.hoteliris.com\/wp-content\/uploads\/2020\/12\/Hotel-IRIS-Granollers-Sala-de-Reuniones-1024x643.jpg 1024w, https:\/\/www.hoteliris.com\/wp-content\/uploads\/2020\/12\/Hotel-IRIS-Granollers-Sala-de-Reuniones-768x483.jpg 768w\" sizes=\"(max-width: 1200px) 100vw, 1200px\" \/><\/div>\n<div class=\"box8\">\n<p><img loading=\"lazy\" class=\"aligncenter wp-image-1354\" src=\"https:\/\/www.hoteliris.com\/wp-content\/uploads\/2020\/12\/Hotel-IRIS-Sala-de-Reuniones.png\" alt=\"Hotel IRIS Sala de Reuniones\" width=\"108\" height=\"70\" \/><\/p>\n<p class=\"tit11\">Sala de Confer\u00e8ncies<\/p>\n<p>Sala de Reunions perfecta per organitzar cursos de formaci\u00f3, exposicions o petites reunions.<\/p>\n<ul class=\"lisc2\">\n<li>60m2\u00a0<\/li>\n<li>Retroprojector <\/li>\n<li>Pissarra <\/li>\n<li>Megafonia <\/li>\n<li>Wifi i Ethernet alta velocitat<\/li>\n<\/ul>\n<\/div>\n<div class=\"box8d\">\n<p class=\"tit1 tit4\">T&#8217;agradaria oferir esmorzar de benvinguda, i coffe break? <br \/>Nosaltres ens encarreguem.<\/p>\n<\/div>\n\n\n<div class=\"wp-block-columns\">\n<div class=\"wp-block-column box11 is-vertically-aligned-center\">\n<p><img loading=\"lazy\" class=\"aligncenter wp-image-1730\" src=\"https:\/\/www.hoteliris.com\/wp-content\/uploads\/2020\/11\/logo-HOTEL-IRIS-2.png\" alt=\"logo HOTEL IRIS\" width=\"400\" height=\"38\" srcset=\"https:\/\/www.hoteliris.com\/wp-content\/uploads\/2020\/11\/logo-HOTEL-IRIS-2.png 1204w, https:\/\/www.hoteliris.com\/wp-content\/uploads\/2020\/11\/logo-HOTEL-IRIS-2-300x28.png 300w, https:\/\/www.hoteliris.com\/wp-content\/uploads\/2020\/11\/logo-HOTEL-IRIS-2-1024x97.png 1024w, https:\/\/www.hoteliris.com\/wp-content\/uploads\/2020\/11\/logo-HOTEL-IRIS-2-768x73.png 768w\" sizes=\"(max-width: 400px) 100vw, 400px\" \/><\/p>\n<p class=\"tit1 tit4\">Hotel de centre de Granollers,  <br \/>molt ben connectat.<\/p>\n<p class=\"mbi\"><img loading=\"lazy\" class=\"aligncenter wp-image-462\" src=\"https:\/\/www.hoteliris.com\/wp-content\/uploads\/2020\/12\/HOTEL-IRIS-icon-2.png\" alt=\"HOTEL IRIS Barcelona icon\" width=\"98\" height=\"36\" \/><\/p>\n<p class=\"tit1 tit3\"><a class=\"button1\" title=\"Reservar hotel iris Granollers\" href=\"https:\/\/www.faciltef.com\/acinet2\/ShoppingCenter\/Search?gateway=02lMDQYrcSpQBtUpz4gyyVYcIfbuzWJf&#038;lang=CA\" target=\"_blank\" rel=\"noopener noreferrer\">Reservar Ara<\/a><\/p>\n<\/div>\n\n\n\n<div class=\"wp-block-column cl1\"><iframe style=\"border: 0;\" tabindex=\"0\" src=\"https:\/\/www.google.com\/maps\/embed?pb=!1m18!1m12!1m3!1d2983.5189598678544!2d2.28804845189987!3d41.60128827914328!2m3!1f0!2f0!3f0!3m2!1i1024!2i768!4f13.1!3m3!1m2!1s0x12a4c7c300cc5e29%3A0xcad679937542c049!2sHotel%20Iris!5e0!3m2!1ses!2ses!4v1604933919838!5m2!1ses!2ses\" width=\"2800\" height=\"600\" frameborder=\"0\" allowfullscreen=\"allowfullscreen\" aria-hidden=\"false\"><\/iframe><\/div>\n<\/div>\n\n\n","protected":false},"excerpt":{"rendered":"<p>Serveis HOTEL IRIS Granollers HOTEL IRIS HOTEL IRIS va n\u00e9ixer l&#8217;any 1980 com un petit hostal familiar, i ha anat creixent fins a convertir-se, a dia d&#8217;avui, en un modern Hotel de 3 estrelles al centre de Granollers. Amb un tracte personal que ens distingeix i una gran vocaci\u00f3 per la nostra feina, posem a &#8230; <a title=\"Servicios HOTEL IRIS en el Centro de Granollers\" class=\"read-more\" href=\"https:\/\/www.hoteliris.com\/ca\/hoteles-granollers-centro-parking\/\" aria-label=\"More on Servicios HOTEL IRIS en el Centro de Granollers\">Read more<\/a><\/p>\n","protected":false},"author":1,"featured_media":0,"parent":0,"menu_order":0,"comment_status":"closed","ping_status":"closed","template":"","meta":[],"_links":{"self":[{"href":"https:\/\/www.hoteliris.com\/ca\/wp-json\/wp\/v2\/pages\/1729"}],"collection":[{"href":"https:\/\/www.hoteliris.com\/ca\/wp-json\/wp\/v2\/pages"}],"about":[{"href":"https:\/\/www.hoteliris.com\/ca\/wp-json\/wp\/v2\/types\/page"}],"author":[{"embeddable":true,"href":"https:\/\/www.hoteliris.com\/ca\/wp-json\/wp\/v2\/users\/1"}],"replies":[{"embeddable":true,"href":"https:\/\/www.hoteliris.com\/ca\/wp-json\/wp\/v2\/comments?post=1729"}],"version-history":[{"count":9,"href":"https:\/\/www.hoteliris.com\/ca\/wp-json\/wp\/v2\/pages\/1729\/revisions"}],"predecessor-version":[{"id":1833,"href":"https:\/\/www.hoteliris.com\/ca\/wp-json\/wp\/v2\/pages\/1729\/revisions\/1833"}],"wp:attachment":[{"href":"https:\/\/www.hoteliris.com\/ca\/wp-json\/wp\/v2\/media?parent=1729"}],"curies":[{"name":"wp","href":"https:\/\/api.w.org\/{rel}","templated":true}]}}