{"id":1701,"date":"2020-11-10T11:21:43","date_gmt":"2020-11-10T11:21:43","guid":{"rendered":"https:\/\/www.hoteliris.com\/habitaciones-hotel-granollers\/"},"modified":"2020-12-30T09:52:12","modified_gmt":"2020-12-30T09:52:12","slug":"habitaciones-hotel-granollers","status":"publish","type":"page","link":"https:\/\/www.hoteliris.com\/ca\/habitaciones-hotel-granollers\/","title":{"rendered":"Hotel en Granollers Habitaciones"},"content":{"rendered":"<h1 class=\"entry-title tit1 tit5\">Habitacions HOTEL IRIS<\/h1>\n<p><img loading=\"lazy\" class=\"mbi aligncenter wp-image-1760\" src=\"https:\/\/www.hoteliris.com\/wp-content\/uploads\/2020\/12\/HOTEL-IRIS-Barcelona-icon-4.png\" alt=\"HOTEL IRIS Barcelona icon\" width=\"98\" height=\"36\" \/><\/p>\n<div class=\"box4 \">\n<p class=\"tit4 tit4c\">Al nostre <strong>hotel en el centre de Granollers<\/strong> trobar\u00e0s habitacions confortables i amb totes les comoditats tant si <strong>viatges per negocis a la zona de Barcelona<\/strong>, com si necessites una <strong>habitaci\u00f3 doble<\/strong>, o una <strong>habitaci\u00f3 de matrimoni<\/strong>.<\/p>\n<\/div>\n\n<div class=\"box5 \"><!--<h2 class=\"tit1 tit2\">Habitaciones en el centro de Granollers<\/h2>-->\n<p class=\"tit4 tit4c\"><span class=\"hi\">HOTEL IRIS<\/span> disposa de 53 habitacions insonoritzades i equipades amb amplis escriptoris, aire condicionat, TV o smart TV amb canals estrangers i de pagament, Mini Bar amb aigua de cortesia, connexi\u00f3 a internet per Wifi o per Cable, bany amb assecador i dispensador de xamp\u00fa i gel.<\/p>\n<p><img loading=\"lazy\" class=\"aligncenter wp-image-461\" src=\"https:\/\/www.hoteliris.com\/wp-content\/uploads\/2020\/12\/HOTEL-IRIS-icon-1.png\" alt=\"HOTEL IRIS Barcelona icon\" width=\"98\" height=\"36\" \/><\/p>\n<\/div>\n<ul class=\"lisc\">\n<li><img loading=\"lazy\" class=\"aligncenter wp-image-234\" src=\"https:\/\/www.hoteliris.com\/wp-content\/uploads\/2020\/12\/Hotel-IRIS-Smart-TV.png\" alt=\"Hotel IRIS Smart TV\" width=\"91\" height=\"70\" \/><br \/>TV<\/li>\n<li><img loading=\"lazy\" class=\"aligncenter wp-image-235\" src=\"https:\/\/www.hoteliris.com\/wp-content\/uploads\/2020\/12\/Hotel-IRIS-TV-Canales-extranjeros-.png\" alt=\"Hotel IRIS TV Canales extranjeros\" width=\"91\" height=\"70\" \/><br \/>Canals estrangers i de pagament<\/li>\n<li><img loading=\"lazy\" class=\"aligncenter wp-image-230\" src=\"https:\/\/www.hoteliris.com\/wp-content\/uploads\/2020\/12\/Hotel-IRIS-Internet-Wifi-y-Ethernet.png\" alt=\"Hotel IRIS Internet Wifi y Ethernet\" width=\"72\" height=\"70\" \/><br \/>Internet Wifi i Ethernet<\/li>\n<li><img loading=\"lazy\" class=\"aligncenter wp-image-225\" src=\"https:\/\/www.hoteliris.com\/wp-content\/uploads\/2020\/12\/Hotel-IRIS-Aire-acondicionado.png\" alt=\"Hotel IRIS Aire acondicionado\" width=\"72\" height=\"70\" \/><br \/>Aire condicionat<\/li>\n<li><img loading=\"lazy\" class=\"aligncenter wp-image-231\" src=\"https:\/\/www.hoteliris.com\/wp-content\/uploads\/2020\/12\/Hotel-IRIS-Mini-Bar.png\" alt=\"Hotel IRIS Mini Bar\" width=\"65\" height=\"70\" \/><br \/>Mini Bar<\/li>\n<li><img loading=\"lazy\" class=\"aligncenter wp-image-228\" src=\"https:\/\/www.hoteliris.com\/wp-content\/uploads\/2020\/12\/Hotel-IRIS-Caja-fuerte.png\" alt=\"Hotel IRIS Caja fuerte\" width=\"72\" height=\"70\" \/><br \/>Caixa forta<\/li>\n<li><img loading=\"lazy\" class=\"aligncenter wp-image-226\" src=\"https:\/\/www.hoteliris.com\/wp-content\/uploads\/2020\/12\/Hotel-IRIS-Bano-con-banera-y-ducha.png\" alt=\"Hotel IRIS Ba\u00f1o con banera y ducha\" width=\"78\" height=\"70\" \/><br \/>Bany amb banyera o dutxa<\/li>\n<li><img loading=\"lazy\" class=\"aligncenter wp-image-233\" src=\"https:\/\/www.hoteliris.com\/wp-content\/uploads\/2020\/12\/Hotel-IRIS-Secador-de-pelo.png\" alt=\"Hotel IRIS Secador de pelo\" width=\"85\" height=\"70\" \/><br \/>Assecador<\/li>\n<li><img loading=\"lazy\" class=\"aligncenter wp-image-227\" src=\"https:\/\/www.hoteliris.com\/wp-content\/uploads\/2020\/12\/Hotel-IRIS-Botella-de-agua-gratuita.png\" alt=\"Hotel IRIS Botella de agua gratuita\" width=\"28\" height=\"70\" \/><br \/>Ampolla d&#8217;aigua gratu\u00efta<\/li>\n<li><img loading=\"lazy\" class=\"aligncenter wp-image-229\" src=\"https:\/\/www.hoteliris.com\/wp-content\/uploads\/2020\/12\/Hotel-IRIS-Dispensador-de-champu-y-gel.png\" alt=\"Hotel IRIS Dispensador de champ\u00fa y gel\" width=\"47\" height=\"70\" \/><br \/>Dispensador de xamp\u00fa i gel<\/li>\n<li><img loading=\"lazy\" class=\"aligncenter wp-image-232\" src=\"https:\/\/www.hoteliris.com\/wp-content\/uploads\/2020\/12\/Hotel-IRIS-Panuelos-de-papel.png\" alt=\"Hotel IRIS Pa\u00f1uelos de papel\" width=\"74\" height=\"70\" \/><br \/>Mocadors de paper<\/li>\n<li><img loading=\"lazy\" class=\"aligncenter wp-image-925\" src=\"https:\/\/www.hoteliris.com\/wp-content\/uploads\/2020\/12\/Hotel-IRIS-Amenities.png\" alt=\"Hotel IRIS Amenities\" width=\"64\" height=\"70\" \/><br \/>Amenities<\/li>\n<\/ul>\n\n\n<div class=\"wp-block-columns are-vertically-aligned-center\">\n<div class=\"wp-block-column is-vertically-aligned-center\" style=\"flex-basis: 66.66%;\"><\/div>\n\n\n\n<div class=\"wp-block-column is-vertically-aligned-center\" style=\"flex-basis: 33.33%;\">\n<div class=\"box1\">\n<h3 class=\"tit10\">HABITACI\u00d3 DOBLE<\/h3>\n<p class=\"tit6\"><strong>Busques un Hotel a Granollers per feina o per plaer<\/strong>? A les <strong>habitacions dobles de l&#8217;HOTEL IRIS<\/strong>, <strong>a Granollers<\/strong>, trobar\u00e0s un espai ampli, polivalent, i amb totes les comoditats. Aquesta habitaci\u00f3 doble amb 2 llits junts, aire condicionat, TV o smart TV amb canals estrangers i de pagament, Mini Bar amb aigua de cortesia, connexi\u00f3 a internet per Wifi o per Cable, bany amb assecador i dispensador de xamp\u00fa i gel.<\/p>\n<p class=\"tit3\"><a class=\"button1\" title=\"HABITACI\u00d3 DOBLE\" href=\"https:\/\/www.faciltef.com\/acinet2\/ShoppingCenter\/Search?gateway=02lMDQYrcSpQBtUpz4gyyVYcIfbuzWJf&#038;lang=CA&#038;room_filter_id=1165\" target=\"_blank\" rel=\"noopener noreferrer\">Reserva ara<\/a><\/p>\n<\/div>\n<\/div>\n<\/div>\n\n<div class=\"box3\">\u00a0<\/div>\n\n\n<div class=\"wp-block-columns are-vertically-aligned-center\">\n<div class=\"wp-block-column is-vertically-aligned-center\" style=\"flex-basis: 66.66%;\"><\/div>\n\n\n\n<div class=\"wp-block-column is-vertically-aligned-center\" style=\"flex-basis: 33.33%;\">\n<div class=\"box1\">\n<h3 class=\"tit10\">HABITACI\u00d3 MATRIMONI<\/h3>\n<p class=\"tit6\"><strong>Busques hotels a Granollers en fam\u00edlia, o un gran espai d&#8217;\u00fas individual<\/strong>? Les <strong>habitacions dobles de matrimoni de l&#8217;HOTEL IRIS<\/strong>, s\u00f3n l&#8217;elecci\u00f3 perfecta tant si viatges acompanyat, com si busques una <strong>habitaci\u00f3 d&#8217;\u00fas individual amb un gran espai<\/strong>. Amb totes les comoditats, compta amb llit doble gran, <strong>un gran escriptori<\/strong>, aire condicionat, TV o smart TV amb canals estrangers i de pagament, Mini Bar amb aigua de cortesia, connexi\u00f3 a internet per Wifi o per Cable, bany amb assecador de p\u00e8l i dispensador de xamp\u00fa i gel.<\/p>\n<p class=\"tit3\"><a class=\"button1\" title=\"HABITACI\u00d3 MATRIMONI\" href=\"https:\/\/www.faciltef.com\/acinet2\/ShoppingCenter\/Search?gateway=02lMDQYrcSpQBtUpz4gyyVYcIfbuzWJf&amp;lang=CA&amp;room_filter_id=1166\" target=\"_blank\" rel=\"noopener noreferrer\">Reserva ara<\/a><\/p>\n<\/div>\n<\/div>\n<\/div>\n\n<div class=\"box3\">\u00a0<\/div>\n\n\n<div class=\"wp-block-columns are-vertically-aligned-center\">\n<div class=\"wp-block-column is-vertically-aligned-center\" style=\"flex-basis: 66.66%;\"><\/div>\n\n\n\n<div class=\"wp-block-column is-vertically-aligned-center\" style=\"flex-basis: 33.33%;\">\n<div class=\"box1\">\n<h3 class=\"tit10\">HABITACI\u00d3 INDIVIDUAL<\/h3>\n<p class=\"tit6\">L&#8217;habitaci\u00f3 individual, com la resta de l&#8217;habitaci\u00f3 de l&#8217;Hotel Iris, disposa de tots els serveis, aire condicionat, TV o smart TV amb canals estrangers i de pagament, Mini Bar amb aigua de cortesia, connexi\u00f3 a internet per Wifi o per cable, bany amb assecador i dispensador de xamp\u00fa i gel.<\/p>\n<p class=\"tit3\"><a class=\"button1\" title=\"HABITACI\u00d3N INDIVIDUAL\" href=\"https:\/\/www.faciltef.com\/acinet2\/ShoppingCenter\/Search?gateway=02lMDQYrcSpQBtUpz4gyyVYcIfbuzWJf&#038;lang=CA&#038;room_filter_id=1167\" target=\"_blank\" rel=\"noopener noreferrer\">Reserva ara<\/a><\/p>\n<\/div>\n<\/div>\n<\/div>\n\n<div class=\"box3\">\u00a0<\/div>\n\n","protected":false},"excerpt":{"rendered":"<p>Habitacions HOTEL IRIS Al nostre hotel en el centre de Granollers trobar\u00e0s habitacions confortables i amb totes les comoditats tant si viatges per negocis a la zona de Barcelona, com si necessites una habitaci\u00f3 doble, o una habitaci\u00f3 de matrimoni. HOTEL IRIS disposa de 53 habitacions insonoritzades i equipades amb amplis escriptoris, aire condicionat, TV &#8230; <a title=\"Hotel en Granollers Habitaciones\" class=\"read-more\" href=\"https:\/\/www.hoteliris.com\/ca\/habitaciones-hotel-granollers\/\" aria-label=\"More on Hotel en Granollers Habitaciones\">Read more<\/a><\/p>\n","protected":false},"author":1,"featured_media":0,"parent":0,"menu_order":0,"comment_status":"closed","ping_status":"closed","template":"","meta":[],"_links":{"self":[{"href":"https:\/\/www.hoteliris.com\/ca\/wp-json\/wp\/v2\/pages\/1701"}],"collection":[{"href":"https:\/\/www.hoteliris.com\/ca\/wp-json\/wp\/v2\/pages"}],"about":[{"href":"https:\/\/www.hoteliris.com\/ca\/wp-json\/wp\/v2\/types\/page"}],"author":[{"embeddable":true,"href":"https:\/\/www.hoteliris.com\/ca\/wp-json\/wp\/v2\/users\/1"}],"replies":[{"embeddable":true,"href":"https:\/\/www.hoteliris.com\/ca\/wp-json\/wp\/v2\/comments?post=1701"}],"version-history":[{"count":5,"href":"https:\/\/www.hoteliris.com\/ca\/wp-json\/wp\/v2\/pages\/1701\/revisions"}],"predecessor-version":[{"id":1844,"href":"https:\/\/www.hoteliris.com\/ca\/wp-json\/wp\/v2\/pages\/1701\/revisions\/1844"}],"wp:attachment":[{"href":"https:\/\/www.hoteliris.com\/ca\/wp-json\/wp\/v2\/media?parent=1701"}],"curies":[{"name":"wp","href":"https:\/\/api.w.org\/{rel}","templated":true}]}}