{"id":1682,"date":"2020-11-27T09:17:20","date_gmt":"2020-11-27T09:17:20","guid":{"rendered":"https:\/\/www.hoteliris.com\/hotel-iris-centro-granollers\/"},"modified":"2020-12-30T16:10:02","modified_gmt":"2020-12-30T16:10:02","slug":"hotel-iris-centro-granollers","status":"publish","type":"page","link":"https:\/\/www.hoteliris.com\/ca\/hotel-iris-centro-granollers\/","title":{"rendered":"Ubicaci\u00f3n y Entorno HOTEL IRIS"},"content":{"rendered":"<h1 class=\"entry-title tit1 tit5\">Ubicaci\u00f3 i Entorn<\/h1>\n<p><img loading=\"lazy\" class=\"mbi aligncenter wp-image-1760\" src=\"https:\/\/www.hoteliris.com\/wp-content\/uploads\/2020\/12\/HOTEL-IRIS-Barcelona-icon-4.png\" alt=\"HOTEL IRIS Barcelona icon\" width=\"98\" height=\"36\" \/><\/p>\n\n<p class=\"tit4\">El <span class=\"hi\">HOTEL IRIS<\/span> est\u00e0 ubicat en un lloc privilegiat. Situat al centre de Granollers, tindr\u00e0s al teu abast totes les comoditats de la zona comercial de la ciutat. A m\u00e9s estar\u00e0s connectat a pocs minuts, amb els accessos a la xarxa d&#8217;autopistes, carreteres i trens m\u00e9s importants.<\/p>\n\n\n\n<div class=\"wp-block-columns\">\n<div class=\"wp-block-column\">\n<div class=\"rowfr\">\n<div class=\"fr1\"><img loading=\"lazy\" class=\"wp-image-1005 alignnone\" src=\"https:\/\/www.hoteliris.com\/wp-content\/uploads\/2020\/12\/Estacion-de-tren-Granollers-Hotel-IRIS.png\" alt=\"Estaci\u00f3n de tren Granollers Hotel IRIS\" width=\"58\" height=\"60\" \/><\/div>\n<div class=\"fr2b\">\n<p class=\"tit9\">Estaci\u00f3 Granollers Centre<\/p>\n<p class=\"tit14\">Connexi\u00f3 Au i Aeroport el Prat<\/p>\n<\/div>\n<\/div>\n<p>L&#8217;estaci\u00f3 Granollers Centre, , a nom\u00e9s 150 metres de l\u2019hotel. Amb connexions de Rodalies (rodalies), Mitja i Llarga dist\u00e0ncia.<\/p>\n<p>Amb alta freq\u00fc\u00e8ncia de trens cap a Barcelona, trobar\u00e0s la comunicaci\u00f3 perfecta amb l&#8217;AVE, i l&#8217;Aeroport del Prat Barcelona.<\/p>\n<\/div>\n\n\n\n<div class=\"wp-block-column\">\n<div class=\"rowfr\">\n<div class=\"fr1\"><img loading=\"lazy\" class=\"wp-image-1004 alignnone\" src=\"https:\/\/www.hoteliris.com\/wp-content\/uploads\/2020\/12\/Autopistas-y-autovias-Hotel-IRIS.png\" alt=\"Autopistas y autov\u00edas Hotel IRIS\" width=\"58\" height=\"60\" \/><\/div>\n<div class=\"fr2b\">\n<p class=\"tit9\">Autopistes i autovies<\/p>\n<\/div>\n<\/div>\n<p><span class=\"hi\">HOTEL IRIS<\/span> Granollers tenim Aparcament exclusiu Clients. A molt pocs minuts tindr\u00e0s acc\u00e9s directe a les principals vies de comunicaci\u00f3.<\/p>\n<p>&#8211; AP-7 Sortida n\u00ba13. <br \/>&#8211; C-17 Autovia Barcelona. Vic sortides km 18 (Granollers Sud), km 20 (Granollers Centre) i km 22 (Granollers Nord). <br \/>&#8211; C-35. <br \/>&#8211; C-60 Autovia Matar\u00f3-Granollers.<\/p>\n<\/div>\n<\/div>\n\n\n\n<div class=\"wp-block-columns\">\n<div class=\"wp-block-column\">\n<div class=\"rowfr\">\n<div class=\"fr1\"><img loading=\"lazy\" class=\"wp-image-1007 alignnone\" src=\"https:\/\/www.hoteliris.com\/wp-content\/uploads\/2020\/12\/Zonas-de-Shopping-y-Culturales-de-Granollers-Hotel-IRIS.png\" alt=\"Zonas de Shopping y Culturales de Granollers Hotel IRIS\" width=\"58\" height=\"60\" \/><\/div>\n<div class=\"fr2c\">\n<p class=\"tit9\">Zones de Shopping i Culturals de Granollers<\/p>\n<\/div>\n<\/div>\n<p>A pocs metres de l&#8217;<span class=\"hi\">HOTEL IRIS<\/span> Granollers, estar\u00e0s al centre comercial la captital del Vall\u00e8s Occidental, amb tots els recursos i comoditats d&#8217;una gran ciutat. A m\u00e9s podr\u00e0s gaudir del patrimoni hist\u00f2ric i cultural, com La Porxada, un antic magatzem de gran estil renaixentista, constru\u00eft entre 1586 i 1587, catalogat com a b\u00e9 patrimonial.<\/p>\n<\/div>\n\n\n\n<div class=\"wp-block-column\">\n<div class=\"rowfr\">\n<div class=\"fr1\"><img loading=\"lazy\" class=\"wp-image-815 alignnone\" src=\"https:\/\/www.hoteliris.com\/wp-content\/uploads\/2020\/12\/Circuit-Barcelona-Catalunya-Hotel-IRIS.png\" alt=\"Circuit Barcelona - Catalunya Hotel IRIS\" width=\"58\" height=\"60\" \/><\/div>\n<div class=\"fr2b\">\n<p class=\"tit9\">Circuit de Barcelona \u2013 Catalunya<\/p>\n<p class=\"tit14\">A 3 km de l&#8217;hotel.<\/p>\n<\/div>\n<\/div>\n<p><strong>Busques hotels a Granollers a prop de Circuit de Barcelona-Catalunya?<\/strong>\u00a0<span class=\"hi\">HOTEL IRIS<\/span>, Granollers, es troba a tan sols 10 min. de l&#8217;Circuit de Barcelona-Catalunya. Tamb\u00e9 conegut com Circuit de Montmel\u00f3 o Circuit de Barcelona, \u00e9s un centre automobil\u00edstic de primer nivell situat a Montmel\u00f3 a 10min. de Granollers.<\/p>\n<\/div>\n<\/div>\n\n\n<p><img loading=\"lazy\" class=\"aligncenter size-full wp-image-1051\" src=\"https:\/\/www.hoteliris.com\/wp-content\/uploads\/2020\/12\/HOTEL-IRIS-Granollers-Circuit-de-Barcelona-La-Garriga.jpg\" alt=\"HOTEL IRIS Granollers cerca de Circuit de Barcelona-Montmel\u00f3\" title=\"Hoteles Circuit de Catalunya-Circuit de Montmel\u00f3\" width=\"100%\" height=\"979\" srcset=\"https:\/\/www.hoteliris.com\/wp-content\/uploads\/2020\/12\/HOTEL-IRIS-Granollers-Circuit-de-Barcelona-La-Garriga.jpg 1418w, https:\/\/www.hoteliris.com\/wp-content\/uploads\/2020\/12\/HOTEL-IRIS-Granollers-Circuit-de-Barcelona-La-Garriga-300x207.jpg 300w, https:\/\/www.hoteliris.com\/wp-content\/uploads\/2020\/12\/HOTEL-IRIS-Granollers-Circuit-de-Barcelona-La-Garriga-1024x707.jpg 1024w, https:\/\/www.hoteliris.com\/wp-content\/uploads\/2020\/12\/HOTEL-IRIS-Granollers-Circuit-de-Barcelona-La-Garriga-768x530.jpg 768w\" sizes=\"(max-width: 1418px) 100vw, 1418px\" \/><\/p>\n\n\n<div class=\"wp-block-columns\">\n<div class=\"wp-block-column\">\n<div class=\"rowfr\">\n<div class=\"fr1\"><img loading=\"lazy\" class=\"wp-image-818 alignnone\" src=\"https:\/\/www.hoteliris.com\/wp-content\/uploads\/2020\/12\/La-Roca-Village-Hotel-IRIS.png\" alt=\"La Roca Village Hotel IRIS\" width=\"58\" height=\"60\" \/><\/div>\n<div class=\"fr2b\">\n<p class=\"tit9\">La Roca Village<\/p>\n<p class=\"tit14\">A 15 min. en cotxe per AP-7.<\/p>\n<\/div>\n<\/div>\n<p>Centre comercial descobert amb carrers de vianants, ambient chic i botigues de les firmes de moda m\u00e9s rellevants amb importants descomptes.<\/p>\n<\/div>\n\n\n\n<div class=\"wp-block-column\">\n<div class=\"rowfr\">\n<div class=\"fr1\"><img loading=\"lazy\" class=\"alignnone wp-image-1011\" src=\"https:\/\/www.hoteliris.com\/wp-content\/uploads\/2020\/12\/Ruta-modernista-de-La-Garriga-HOTEL-IRIS.png\" alt=\"Ruta modernista de La Garriga HOTEL IRIS\" width=\"58\" height=\"60\" srcset=\"https:\/\/www.hoteliris.com\/wp-content\/uploads\/2020\/12\/Ruta-modernista-de-La-Garriga-HOTEL-IRIS.png 335w, https:\/\/www.hoteliris.com\/wp-content\/uploads\/2020\/12\/Ruta-modernista-de-La-Garriga-HOTEL-IRIS-290x300.png 290w\" sizes=\"(max-width: 58px) 100vw, 58px\" \/><\/div>\n<div class=\"fr2b\">\n<p class=\"tit9\">Ruta modernista de la Garriga<\/p>\n<p class=\"tit14\">19 min. en cotxe per C-17.<\/p>\n<\/div>\n<\/div>\n<p>La Garriga \u00e9s una petita localitat situada a nord de Granollers, a la comarca de Vall\u00e8s Oriental, que es caracteritza per tenir una elevada densitat d&#8217;edificis modernistes d&#8217;inter\u00e8s, fruit de les segones resid\u00e8ncies que la burgesia catalana de finals de segle XIX.<\/p>\n<\/div>\n<\/div>\n\n\n\n<div class=\"wp-block-columns\">\n<div class=\"wp-block-column\">\n<div class=\"rowfr\">\n<div class=\"fr1\"><img loading=\"lazy\" class=\"wp-image-905 alignnone\" src=\"https:\/\/www.hoteliris.com\/wp-content\/uploads\/2020\/12\/Ciudad-Barcelona-Hotel-IRIS.png\" alt=\"Ciudad Barcelona Hotel IRIS\" width=\"58\" height=\"60\" \/><\/div>\n<div class=\"fr2b\">\n<p class=\"tit9\">Ciutat de Barcelona<\/p>\n<p class=\"tit14\">A 25 min. amb cotxe.<\/p>\n<\/div>\n<\/div>\n<p>Per tren o en cotxe accedir\u00e0s a pocs minuts a la ciutat de Barcelona. Zones de Shopping, Cultura, la Rambla, la Barceloneta &#8230; Una de les ciutats m\u00e9s apreciades del m\u00f3n.<\/p>\n<\/div>\n\n\n\n<div class=\"wp-block-column\">\n<div class=\"rowfr\">\n<div class=\"fr1\"><img loading=\"lazy\" class=\"wp-image-906 alignnone\" src=\"https:\/\/www.hoteliris.com\/wp-content\/uploads\/2020\/12\/Playas-del-Maresme-Hotel-IRIS-Barcelona.png\" alt=\"Playas del Maresme Hotel IRIS Barcelona\" width=\"58\" height=\"60\" \/><\/div>\n<div class=\"fr2b\">\n<p class=\"tit9\">Platges de Maresme<\/p>\n<p class=\"tit14\">A 10 km de l&#8217;hotel.<\/p>\n<\/div>\n<\/div>\n<p>Les platges del Maresme destaquen per el clima suau i la caracter\u00edstica lluminositat de la Mediterr\u00e0nia.<\/p>\n<p>Per als amants de la natura i el mar, les petites cales rocoses de sorra blanca i les extenses platges de sorra daurada, es caracteritzen principalment per la qualitat de les seves aig\u00fces, el que fa que el Maresme compti amb deu platges amb el distintiu de bandera blava i tres amb la Q de qualitat tur\u00edstica.<\/p>\n<\/div>\n<\/div>\n\n\n\n<div class=\"wp-block-columns\">\n<div class=\"wp-block-column\"><img loading=\"lazy\" class=\"size-full wp-image-1885 aligncenter\" src=\"https:\/\/www.hoteliris.com\/wp-content\/uploads\/2020\/12\/Hotel-IRIS-Barcelona-turismo.jpg\" alt=\"Hotel IRIS Barcelona turismo\" width=\"100%\" height=\"600\" srcset=\"https:\/\/www.hoteliris.com\/wp-content\/uploads\/2020\/12\/Hotel-IRIS-Barcelona-turismo.jpg 902w, https:\/\/www.hoteliris.com\/wp-content\/uploads\/2020\/12\/Hotel-IRIS-Barcelona-turismo-300x200.jpg 300w, https:\/\/www.hoteliris.com\/wp-content\/uploads\/2020\/12\/Hotel-IRIS-Barcelona-turismo-768x511.jpg 768w\" sizes=\"(max-width: 902px) 100vw, 902px\" \/> <\/div>\n\n\n\n<div class=\"wp-block-column\"><img loading=\"lazy\" class=\"size-full wp-image-1897 aligncenter\" src=\"https:\/\/www.hoteliris.com\/wp-content\/uploads\/2020\/12\/Hotel-IRIS-playas-del-maresme.jpg\" alt=\"Hotel IRIS playas del maresme\" width=\"100%\" height=\"600\" srcset=\"https:\/\/www.hoteliris.com\/wp-content\/uploads\/2020\/12\/Hotel-IRIS-playas-del-maresme.jpg 902w, https:\/\/www.hoteliris.com\/wp-content\/uploads\/2020\/12\/Hotel-IRIS-playas-del-maresme-300x200.jpg 300w, https:\/\/www.hoteliris.com\/wp-content\/uploads\/2020\/12\/Hotel-IRIS-playas-del-maresme-768x511.jpg 768w\" sizes=\"(max-width: 902px) 100vw, 902px\" \/><\/div>\n<\/div>\n\n\n<div class=\"box10\">\n<div class=\"rowfr\">\n<div class=\"fr1\"><img loading=\"lazy\" class=\"wp-image-1006 alignnone\" src=\"https:\/\/www.hoteliris.com\/wp-content\/uploads\/2020\/12\/Parque-Natural-del-Montseny-Hotel-IRIS.png\" alt=\"Parque Natural del Montseny Hotel IRIS\" width=\"58\" height=\"60\" \/><\/div>\n<div class=\"fr2b\">\n<p class=\"tit9\">Parc Natural i Reserva de la Biosfera del Montseny<\/p>\n<p class=\"tit14\">A 20 min. en cotxe per AP-7.<\/p>\n<\/div>\n<\/div>\n<p>Ideal per als amants del senderisme, El Parc Natural del Montseny, Reserva de la Biosfera, es situa a la Serralada prelitoral catalana, de la qual \u00e9s el mass\u00eds m\u00e9s alt. Ocupa una extensi\u00f3 de 31.063,90 ha distribu\u00efdes entre divuit municipis que pertanyen a tres comarques (Osona, la Selva i el Vall\u00e8s Oriental).<\/p>\n<p>Tres grans conjunts muntanyosos configuren el mass\u00eds: la carena de l&#8217;Tur\u00f3 de l&#8217;Home (1.706 m) i les Agudes (1.703 m), Matagalls (1.697 m) i el pla de la Calma (Puig Drau 1.344 m), que, units per els colls de Sant Mar\u00e7al i de Coll Formic, respectivament, envolten la conca alta del riu Tordera.<\/p>\n<\/div>\n\n<img loading=\"lazy\" src=\"https:\/\/www.hoteliris.com\/wp-content\/uploads\/2020\/12\/HOTEL-IRIS-Granollers-Parque-Natural-del-Montseny.jpg\" alt=\"\" width=\"100%\" height=\"422\" class=\"aligncenter size-full wp-image-1049\" srcset=\"https:\/\/www.hoteliris.com\/wp-content\/uploads\/2020\/12\/HOTEL-IRIS-Granollers-Parque-Natural-del-Montseny.jpg 1600w, https:\/\/www.hoteliris.com\/wp-content\/uploads\/2020\/12\/HOTEL-IRIS-Granollers-Parque-Natural-del-Montseny-300x79.jpg 300w, https:\/\/www.hoteliris.com\/wp-content\/uploads\/2020\/12\/HOTEL-IRIS-Granollers-Parque-Natural-del-Montseny-1024x270.jpg 1024w, https:\/\/www.hoteliris.com\/wp-content\/uploads\/2020\/12\/HOTEL-IRIS-Granollers-Parque-Natural-del-Montseny-768x203.jpg 768w, https:\/\/www.hoteliris.com\/wp-content\/uploads\/2020\/12\/HOTEL-IRIS-Granollers-Parque-Natural-del-Montseny-1536x405.jpg 1536w\" sizes=\"(max-width: 1600px) 100vw, 1600px\" \/>\n\n","protected":false},"excerpt":{"rendered":"<p>Ubicaci\u00f3 i Entorn El HOTEL IRIS est\u00e0 ubicat en un lloc privilegiat. Situat al centre de Granollers, tindr\u00e0s al teu abast totes les comoditats de la zona comercial de la ciutat. A m\u00e9s estar\u00e0s connectat a pocs minuts, amb els accessos a la xarxa d&#8217;autopistes, carreteres i trens m\u00e9s importants. Parc Natural i Reserva de &#8230; <a title=\"Ubicaci\u00f3n y Entorno HOTEL IRIS\" class=\"read-more\" href=\"https:\/\/www.hoteliris.com\/ca\/hotel-iris-centro-granollers\/\" aria-label=\"More on Ubicaci\u00f3n y Entorno HOTEL IRIS\">Read more<\/a><\/p>\n","protected":false},"author":1,"featured_media":0,"parent":0,"menu_order":0,"comment_status":"closed","ping_status":"closed","template":"","meta":[],"_links":{"self":[{"href":"https:\/\/www.hoteliris.com\/ca\/wp-json\/wp\/v2\/pages\/1682"}],"collection":[{"href":"https:\/\/www.hoteliris.com\/ca\/wp-json\/wp\/v2\/pages"}],"about":[{"href":"https:\/\/www.hoteliris.com\/ca\/wp-json\/wp\/v2\/types\/page"}],"author":[{"embeddable":true,"href":"https:\/\/www.hoteliris.com\/ca\/wp-json\/wp\/v2\/users\/1"}],"replies":[{"embeddable":true,"href":"https:\/\/www.hoteliris.com\/ca\/wp-json\/wp\/v2\/comments?post=1682"}],"version-history":[{"count":15,"href":"https:\/\/www.hoteliris.com\/ca\/wp-json\/wp\/v2\/pages\/1682\/revisions"}],"predecessor-version":[{"id":1909,"href":"https:\/\/www.hoteliris.com\/ca\/wp-json\/wp\/v2\/pages\/1682\/revisions\/1909"}],"wp:attachment":[{"href":"https:\/\/www.hoteliris.com\/ca\/wp-json\/wp\/v2\/media?parent=1682"}],"curies":[{"name":"wp","href":"https:\/\/api.w.org\/{rel}","templated":true}]}}